{"id":509,"date":"2022-03-17T11:33:47","date_gmt":"2022-03-17T10:33:47","guid":{"rendered":"https:\/\/villagransholm.se\/?page_id=509"},"modified":"2026-04-13T18:28:41","modified_gmt":"2026-04-13T16:28:41","slug":"startsidan","status":"publish","type":"page","link":"https:\/\/villagransholm.se\/en\/","title":{"rendered":"Startsidan"},"content":{"rendered":"<div class=\"vc_row wpb_row vc_row-fluid tabort_utrymme no-padding-vc-row vc_row-o-full-height vc_row-o-columns-top vc_row-o-content-top vc_row-flex amz-container-fluid-no-spaces\"><div class=\"wpb_column vc_column_container vc_col-sm-12\"><div class=\"vc_column-inner \"><div class=\"wpb_wrapper\">\n\t\t\t\t<p class=\"rs-p-wp-fix\"><\/p>\n\t\t\t\t<sr7-module data-alias=\"startsidan-1\" data-id=\"8\" id=\"SR7_8_1\" class=\"rs-ov-hidden\" data-version=\"6.7.51\">\n\t\t\t\t\t<sr7-adjuster><\/sr7-adjuster>\n\t\t\t\t\t<sr7-content>\n\t\t\t\t\t\t<sr7-slide id=\"SR7_8_1-6\" data-key=\"6\">\n\t\t\t\t\t\t\t<span id=\"widgetContainer\" class=\"sr7-layer\"><script charset='UTF-8' type='text\/javascript'>\n\n(function($) {\n\n$.ajax({\n\ndataType: 'json',\n\nurl: 'https:\/\/online.bookvisit.com\/v2\/widget\/getwidget?channelId=a34c2796-2c99-4010-987b-bb3d4cceb733&culture=sv-SE&containerId=widgetContainer&layout=Standard2ColumnsCompact&openOption=NewWindow&displayPromoCode=False&displayCorpCode=False&displayIATACode=False&jsoncallback=?',\n\nxhrFields: { withCredentials: true },\n\nsuccess: function(json) {\n\n$('#widgetContainer').html(json.Widget);\n\n}\n\n});\n\n})(bvJQuery);\n\n<\/script>\n<\/span>\n\t\t\t\t\t\t\t<h1 id=\"SR7_8_1-6-16\" class=\"sr7-layer\">Tid f\u00f6r varandra p\u00e5 ett annorlunda hotell<\/h1>\n\t\t\t\t\t\t\t<a id=\"SR7_8_1-6-24\" class=\"sr7-layer\" href=\"https:\/\/www.facebook.com\/VillaGransholm\/\" target=\"_blank\" rel=\"noopener\"><i class=\"fa-facebook-f\"><\/i><\/a>\n\t\t\t\t\t\t\t<a id=\"SR7_8_1-6-27\" class=\"sr7-layer\" href=\"https:\/\/www.instagram.com\/villagransholm\/\" target=\"_blank\" rel=\"noopener\"><i class=\"fa-instagram\"><\/i><\/a>\n\t\t\t\t\t\t<\/sr7-slide>\n\t\t\t\t\t\t<sr7-slide id=\"SR7_8_1-17\" data-key=\"17\">\n\t\t\t\t\t\t<\/sr7-slide>\n\t\t\t\t\t<\/sr7-content>\n\t\t\t\t<\/sr7-module>\n\t\t\t\t<script>\n\t\t\t\t\twindow.SR7 ??={};SR7.PMH ??={}; SR7.PMH[\"SR7_8_1\"] = {cn:100,state:false,fn: function() { if (window._tpt!==undefined && window._tpt.prepareModuleHeight !== undefined) {  _tpt.prepareModuleHeight({id:\"SR7_8_1\",el:[822,822,768,960,720],type:'hero',shdw:'0',gh:[822,822,768,960,720],gw:[1750,1750,1024,778,480],vpt:['-200px&#039;,&#039;-200px&#039;,&#039;-200px&#039;,&#039;-200px&#039;,&#039;-200px'],size:{fullWidth:true, fullHeight:false},mh:'0',onh:0,onw:0,bg:{color:'{\"orig\":\"transparent\",\"type\":\"solid\",\"string\":\"transparent\"}'},plType:'0',plColor:'#FFFFFF'});   SR7.PMH[\"SR7_8_1\"].state=true;} else if(SR7.PMH[\"SR7_8_1\"].cn-->0)\tsetTimeout( SR7.PMH[\"SR7_8_1\"].fn,19);}};SR7.PMH[\"SR7_8_1\" ].fn();\n\t\t\t\t<\/script>\n<div id=\"modal-trg-txt-wrap-1647\" class=\"ult-modal-input-wrapper ult-adjust-bottom-margin   ult_hide_modal_value \" data-keypress-control=\"keypress-control-enable\" data-overlay-control=\"overlay-control-enable\"><div data-class-id=\"content-69e75a0a202d66-63578512\" class=\"ult-onload overlay-show \" data-overlay-class=\"overlay-fade\" data-onload-delay=\"1\"><\/div><\/div>\n<div class=\"ult-overlay content-69e75a0a202d66-63578512 \" data-class=\"content-69e75a0a202d66-63578512\" id=\"button-click-overlay\" style=\"background:rgba(255,255,255,0.6); display:none;\">\n\t<div class=\"ult_modal ult-fade ult-medium\">\n\t<div class=\"ult-overlay-close popup-edge-top-right\" style=\"width:40px;height:40px; background-color: #0a0a0a;border-radius: 50%;padding:15px;box-sizing: content-box; top:-35px;right:-35px;\"><div class=\"ult-overlay-close-inside\">Close<\/div><\/div>\n\t\t<div id=\"ult-modal-wrap-1327\" class=\"ult_modal-content ult-hide\" style=\"border-style:double;border-width:6px;border-radius:0px;border-color:#5a4d1a;\">\n\t\t\t<div  data-ultimate-target='#ult-modal-wrap-1327 .ult_modal-body'  data-responsive-json-new='{\"font-size\":\"desktop:18px;\",\"line-height\":\"\"}'  class=\"ult_modal-body ult-responsive ult-html\" style=\"background:#ffffff;color:#000000;font-family:&#039;Lora&#039;;\">\n\t\t\t<img loading=\"lazy\" decoding=\"async\" class=\"aligncenter size-full wp-image-2699\" src=\"https:\/\/villagransholm.se\/wp-content\/uploads\/2026\/02\/Popup-februari-2026_2-1.jpg\" alt=\"\" width=\"1748\" height=\"1730\" srcset=\"https:\/\/villagransholm.se\/wp-content\/uploads\/2026\/02\/Popup-februari-2026_2-1.jpg 1748w, https:\/\/villagransholm.se\/wp-content\/uploads\/2026\/02\/Popup-februari-2026_2-1-300x297.jpg 300w, https:\/\/villagransholm.se\/wp-content\/uploads\/2026\/02\/Popup-februari-2026_2-1-1024x1013.jpg 1024w, https:\/\/villagransholm.se\/wp-content\/uploads\/2026\/02\/Popup-februari-2026_2-1-768x760.jpg 768w, https:\/\/villagransholm.se\/wp-content\/uploads\/2026\/02\/Popup-februari-2026_2-1-1536x1520.jpg 1536w, https:\/\/villagransholm.se\/wp-content\/uploads\/2026\/02\/Popup-februari-2026_2-1-12x12.jpg 12w, https:\/\/villagransholm.se\/wp-content\/uploads\/2026\/02\/Popup-februari-2026_2-1-24x24.jpg 24w, https:\/\/villagransholm.se\/wp-content\/uploads\/2026\/02\/Popup-februari-2026_2-1-36x36.jpg 36w, https:\/\/villagransholm.se\/wp-content\/uploads\/2026\/02\/Popup-februari-2026_2-1-48x48.jpg 48w\" sizes=\"auto, (max-width: 1748px) 100vw, 1748px\" \/>\n\t\t\t<\/div>\n\t<\/div>\n\t<\/div>\n<\/div><\/div><\/div><\/div><\/div><div id=\"om-villa-gransholm\" class=\"vc_row wpb_row vc_row-fluid tabort_utrymme2 no-padding-vc-row vc_custom_1755279170984 vc_row-has-fill amz-remove-margin\"><div class=\"container\"><div class=\"vc_row vc_row-fluid vc_row-has-fill\"><div class=\"wpb_column vc_column_container vc_col-sm-12\"><div class=\"vc_column-inner vc_custom_1505649973652\"><div class=\"wpb_wrapper\"><div class=\"vc_row wpb_row vc_inner vc_row-fluid\"><div class=\"wpb_column vc_column_container vc_col-sm-8\"><div class=\"vc_column-inner\"><div class=\"wpb_wrapper\"><div id=\"ultimate-heading-653669e75a0a215da\" class=\"uvc-heading ult-adjust-bottom-margin ultimate-heading-653669e75a0a215da uvc-2478 \" data-hspacer=\"no_spacer\"  data-halign=\"left\" style=\"text-align:left\"><div class=\"uvc-heading-spacer no_spacer\" style=\"top\"><\/div><div class=\"uvc-main-heading ult-responsive\"  data-ultimate-target='.uvc-heading.ultimate-heading-653669e75a0a215da h2'  data-responsive-json-new='{\"font-size\":\"desktop:40px;\",\"line-height\":\"\"}' ><h2 style=\"font-weight:normal;margin-bottom:30px;\">V\u00e4lkommen till Villa Gransholm, ett annorlunda hotell med tid f\u00f6r varandra<\/h2><\/div><div class=\"uvc-sub-heading ult-responsive\"  data-ultimate-target='.uvc-heading.ultimate-heading-653669e75a0a215da .uvc-sub-heading '  data-responsive-json-new='{\"font-size\":\"desktop:24px;\",\"line-height\":\"desktop:36px;\"}'  style=\"font-family:&#039;Playfair Display&#039;;font-weight:normal;color:#5a4d1a;\"><em>Villa Gransholm, ett hotell f\u00f6r dig som l\u00e4ngtar efter lugn och ro och d\u00e4r det finns tid f\u00f6r varandra.<\/em><\/p>\n<p>Hemma hos oss p\u00e5 Villa Gransholm hj\u00e4lper vi till med m\u00e5nga olika sorters evenemang &#8211; sm\u00e5 som stora. Vi delar gl\u00e4dje och sorg med v\u00e5ra g\u00e4ster. Hit kommer kompisg\u00e4ng. Arbetskamrater tr\u00e4ffas f\u00f6r konferens. Familj och v\u00e4nner tr\u00e4ffas f\u00f6r minnesstund men ocks\u00e5 f\u00f6r sl\u00e4kttr\u00e4ff, br\u00f6llop och dop. Till oss kommer par som vill koppla av i en stressig vardag. Ja, v\u00e5r vardag kantas av m\u00f6ten d\u00e4r vi anstr\u00e4nger oss till det yttersta f\u00f6r att alla ska trivas.<\/p>\n<p>H\u00e4r \u00e4r alltid vackert oavsett \u00e5rstid. V\u00e5r, sommar och h\u00f6st inbjuder v\u00e5r vackra park till b\u00e5de vila och en sk\u00f6n promenad. Ruggiga h\u00f6st- och vinterkv\u00e4llar t\u00e4nder vi sprakande brasor. Den varma atmosf\u00e4ren h\u00e4lsar dig v\u00e4lkommen hem till oss.<\/p>\n<p>Detta sekelskifteshus \u00e4r ditt f\u00f6r en stund. Njut av milj\u00f6n, unna dig en matupplevelser, koppla av med ett luftombyte f\u00f6r kropp och sj\u00e4l i de sm\u00e5l\u00e4ndska, b\u00f6ljande skogarna. K\u00e4nn dig som hemma, fast borta.<\/div><\/div><\/div><\/div><\/div><div class=\"wpb_column vc_column_container vc_col-sm-4 vc_col-has-fill\"><div class=\"vc_column-inner vc_custom_1647354972541\"><div class=\"wpb_wrapper\"><div id=\"ultimate-heading-499969e75a0a218c2\" class=\"uvc-heading ult-adjust-bottom-margin ultimate-heading-499969e75a0a218c2 uvc-1321 \" data-hspacer=\"no_spacer\"  data-halign=\"left\" style=\"text-align:left\"><div class=\"uvc-heading-spacer no_spacer\" style=\"top\"><\/div><div class=\"uvc-main-heading ult-responsive\"  data-ultimate-target='.uvc-heading.ultimate-heading-499969e75a0a218c2 h2'  data-responsive-json-new='{\"font-size\":\"desktop:25px;\",\"line-height\":\"\"}' ><h2 style=\"font-family:&#039;Lora&#039;;font-weight:500;color:#5a4d1a;margin-bottom:30px;\">Senaste nytt<\/h2><\/div><\/div><div  class=\"vc_wp_posts wpb_content_element\">\n\t\t<div class=\"widget widget_recent_entries\">\n\t\t<h2 class=\"widgettitle\">Recent Posts<\/h2>\n\t\t<ul>\n\t\t\t\t\t\t\t\t\t\t\t<li>\n\t\t\t\t\t<a href=\"https:\/\/villagransholm.se\/en\/2023\/05\/24\/nu-kan-du-ladda-bilen-hos-oss\/\">Nu kan du ladda bilen hos oss!<\/a>\n\t\t\t\t\t\t\t\t\t<\/li>\n\t\t\t\t\t<\/ul>\n\n\t\t<\/div><\/div><\/div><\/div><\/div><\/div><\/div><\/div><\/div><\/div><\/div><\/div><div id=\"paket\" class=\"vc_row wpb_row vc_row-fluid vc_custom_1755279175201 vc_row-has-fill amz-remove-margin\"><div class=\"container\"><div class=\"vc_row vc_row-fluid vc_row-has-fill\"><div class=\"wpb_column vc_column_container vc_col-sm-12\"><div class=\"vc_column-inner vc_custom_1505649973652\"><div class=\"wpb_wrapper\"><div id=\"ultimate-heading-622969e75a0a22e48\" class=\"uvc-heading ult-adjust-bottom-margin ultimate-heading-622969e75a0a22e48 uvc-2491 \" data-hspacer=\"no_spacer\"  data-halign=\"left\" style=\"text-align:left\"><div class=\"uvc-heading-spacer no_spacer\" style=\"top\"><\/div><div class=\"uvc-main-heading ult-responsive\"  data-ultimate-target='.uvc-heading.ultimate-heading-622969e75a0a22e48 h1'  data-responsive-json-new='{\"font-size\":\"desktop:40px;\",\"line-height\":\"\"}' ><h1 style=\"font-family:&#039;Lora&#039;;font-weight:normal;\">Hitta ditt paket<\/h1><\/div><div class=\"uvc-sub-heading ult-responsive\"  data-ultimate-target='.uvc-heading.ultimate-heading-622969e75a0a22e48 .uvc-sub-heading '  data-responsive-json-new='{\"font-size\":\"desktop:18px;\",\"line-height\":\"desktop:30px;\"}'  style=\"font-family:&#039;Lora&#039;;font-weight:normal;color:#5a4d1a;\">Njut en stund i avkopplande, familj\u00e4r milj\u00f6 p\u00e5 ett annorlunda hotell. P\u00e5 egen hand, med v\u00e4nner, med k\u00e4rleken, med kollegorna. Vi har erbjudanden och hotellpaket som passar just dig.<\/div><\/div><div class=\"ult-spacer spacer-69e75a0a22eeb\" data-id=\"69e75a0a22eeb\" data-height=\"40\" data-height-mobile=\"0\" data-height-tab=\"0\" data-height-tab-portrait=\"0\" data-height-mobile-landscape=\"0\" style=\"clear:both;display:block;\"><\/div><div class=\"vc_row wpb_row vc_inner vc_row-fluid\"><div class=\"boka_align wpb_column vc_column_container vc_col-sm-4\"><div class=\"vc_column-inner\"><div class=\"wpb_wrapper\"><div class=\"ult-new-ib ult-ib-effect-style10  ult-ib-resp  \" data-min-width=\"768\" data-max-width=\"900\" style=\"background:rgba(255,255,255,0.5);\" data-opacity=\"1\" data-hover-opacity=\"0.5\" ><img decoding=\"async\" class=\"ult-new-ib-img\" style=\"opacity:1;\" alt=\"null\" src=\"https:\/\/villagransholm.se\/wp-content\/uploads\/2022\/06\/Rum-16.jpg\"   \/><div id=\"interactive-banner-wrap-5674\" class=\"ult-new-ib-desc\" style=\"\"><h2 class=\"ult-new-ib-title ult-responsive\"  data-ultimate-target='#interactive-banner-wrap-5674 .ult-new-ib-title'  data-responsive-json-new='{\"font-size\":\"desktop:24px;\",\"line-height\":\"desktop:30px;\"}'  style=\"font-family:&#039;Lora&#039;;font-weight:normal;color:#1a1a1a;\">Ett dygn<\/h2><\/div><a class=\"ult-new-ib-link\" href=\"\/paket\/#ettdygn\"  ><\/a><\/div><div id=\"ultimate-heading-728769e75a0a2361d\" class=\"uvc-heading ult-adjust-bottom-margin ultimate-heading-728769e75a0a2361d uvc-9371 \" data-hspacer=\"no_spacer\"  data-halign=\"left\" style=\"text-align:left\"><div class=\"uvc-heading-spacer no_spacer\" style=\"top\"><\/div><div class=\"uvc-main-heading ult-responsive\"  data-ultimate-target='.uvc-heading.ultimate-heading-728769e75a0a2361d h1'  data-responsive-json-new='{\"font-size\":\"desktop:25px;\",\"line-height\":\"\"}' ><h1 style=\"font-family:&#039;Lora&#039;;font-weight:normal;\">Ett dygn<\/h1><\/div><div class=\"uvc-sub-heading ult-responsive\"  data-ultimate-target='.uvc-heading.ultimate-heading-728769e75a0a2361d .uvc-sub-heading '  data-responsive-json-new='{\"font-size\":\"desktop:18px;\",\"line-height\":\"desktop:30px;\"}'  style=\"font-family:&#039;Lora&#039;;font-weight:normal;color:#5a4d1a;\">L\u00e4mna vardagen f\u00f6r en stund och h\u00e4mta andan hos oss p\u00e5 Villa Gransholm. L\u00e5t oss f\u00e5 sk\u00e4mma bort dig en smula. <\/div><\/div>\n\t<div class=\"wpb_text_column wpb_content_element  caixa\" >\n\t\t<div class=\"wpb_wrapper\">\n\t\t\t<p><a class=\"sparkle u-hover--sparkle\" href=\"\/paket\/#ettdygn\" rel=\"noopener\">Uppt\u00e4ck mer<\/a><\/p>\n\n\t\t<\/div>\n\t<\/div>\n<\/div><\/div><\/div><div class=\"boka_align wpb_column vc_column_container vc_col-sm-4\"><div class=\"vc_column-inner\"><div class=\"wpb_wrapper\"><div class=\"ult-new-ib ult-ib-effect-style10  ult-ib-resp  \" data-min-width=\"768\" data-max-width=\"900\" style=\"background:rgba(255,255,255,0.5);\" data-opacity=\"1\" data-hover-opacity=\"0.5\" ><img decoding=\"async\" class=\"ult-new-ib-img\" style=\"opacity:1;\" alt=\"null\" src=\"https:\/\/villagransholm.se\/wp-content\/uploads\/2022\/03\/paket-3_medel.jpg\"   \/><div id=\"interactive-banner-wrap-4787\" class=\"ult-new-ib-desc\" style=\"\"><h2 class=\"ult-new-ib-title ult-responsive\"  data-ultimate-target='#interactive-banner-wrap-4787 .ult-new-ib-title'  data-responsive-json-new='{\"font-size\":\"desktop:24px;\",\"line-height\":\"desktop:30px;\"}'  style=\"font-family:&#039;Lora&#039;;font-weight:normal;color:#1a1a1a;\">Tv\u00e5 dygn<\/h2><\/div><a class=\"ult-new-ib-link\" href=\"\/paket\/#tvadygn\"  ><\/a><\/div><div id=\"ultimate-heading-263969e75a0a24099\" class=\"uvc-heading ult-adjust-bottom-margin ultimate-heading-263969e75a0a24099 uvc-1104 \" data-hspacer=\"no_spacer\"  data-halign=\"left\" style=\"text-align:left\"><div class=\"uvc-heading-spacer no_spacer\" style=\"top\"><\/div><div class=\"uvc-main-heading ult-responsive\"  data-ultimate-target='.uvc-heading.ultimate-heading-263969e75a0a24099 h1'  data-responsive-json-new='{\"font-size\":\"desktop:25px;\",\"line-height\":\"\"}' ><h1 style=\"font-family:&#039;Lora&#039;;font-weight:normal;\">Tv\u00e5 dygn<\/h1><\/div><div class=\"uvc-sub-heading ult-responsive\"  data-ultimate-target='.uvc-heading.ultimate-heading-263969e75a0a24099 .uvc-sub-heading '  data-responsive-json-new='{\"font-size\":\"desktop:18px;\",\"line-height\":\"desktop:30px;\"}'  style=\"font-family:&#039;Lora&#039;;font-weight:normal;color:#5a4d1a;\">Fira v\u00e4nskapen, k\u00e4rleken, eller f\u00e5 tid med kollegor i en harmonisk milj\u00f6. Njut av tv\u00e5 sk\u00f6na dygn med extra guldkant tillsammans.<\/div><\/div>\n\t<div class=\"wpb_text_column wpb_content_element  caixa\" >\n\t\t<div class=\"wpb_wrapper\">\n\t\t\t<p><a class=\"sparkle u-hover--sparkle\" href=\"\/paket\/#tvadygn\" rel=\"noopener\">Uppt\u00e4ck mer<\/a><\/p>\n\n\t\t<\/div>\n\t<\/div>\n<\/div><\/div><\/div><div class=\"boka_align wpb_column vc_column_container vc_col-sm-4\"><div class=\"vc_column-inner\"><div class=\"wpb_wrapper\"><div class=\"ult-new-ib ult-ib-effect-style10  ult-ib-resp  \" data-min-width=\"768\" data-max-width=\"900\" style=\"background:rgba(255,255,255,0.5);\" data-opacity=\"1\" data-hover-opacity=\"0.5\" ><img decoding=\"async\" class=\"ult-new-ib-img\" style=\"opacity:1;\" alt=\"null\" src=\"https:\/\/villagransholm.se\/wp-content\/uploads\/2022\/06\/Romantiskt_1920x1280.jpg\"   \/><div id=\"interactive-banner-wrap-4758\" class=\"ult-new-ib-desc\" style=\"\"><h2 class=\"ult-new-ib-title ult-responsive\"  data-ultimate-target='#interactive-banner-wrap-4758 .ult-new-ib-title'  data-responsive-json-new='{\"font-size\":\"desktop:24px;\",\"line-height\":\"desktop:30px;\"}'  style=\"font-family:&#039;Lora&#039;;font-weight:normal;color:#1a1a1a;\">Romantisk vistelse<\/h2><\/div><a class=\"ult-new-ib-link\" href=\"\/paket\/#romantisk_weekend\"  ><\/a><\/div><div id=\"ultimate-heading-766869e75a0a246b8\" class=\"uvc-heading ult-adjust-bottom-margin ultimate-heading-766869e75a0a246b8 uvc-2533 \" data-hspacer=\"no_spacer\"  data-halign=\"left\" style=\"text-align:left\"><div class=\"uvc-heading-spacer no_spacer\" style=\"top\"><\/div><div class=\"uvc-main-heading ult-responsive\"  data-ultimate-target='.uvc-heading.ultimate-heading-766869e75a0a246b8 h1'  data-responsive-json-new='{\"font-size\":\"desktop:25px;\",\"line-height\":\"\"}' ><h1 style=\"font-family:&#039;Lora&#039;;font-weight:normal;\">Romantisk vistelse<\/h1><\/div><div class=\"uvc-sub-heading ult-responsive\"  data-ultimate-target='.uvc-heading.ultimate-heading-766869e75a0a246b8 .uvc-sub-heading '  data-responsive-json-new='{\"font-size\":\"desktop:18px;\",\"line-height\":\"desktop:30px;\"}'  style=\"font-family:&#039;Lora&#039;;font-weight:normal;color:#5a4d1a;\">L\u00e5t k\u00e4rleken spira och njut tillsammans, av bubbel i glaset, choklad p\u00e5 rummet och en h\u00e4rlig frukost att vakna upp till.<\/div><\/div>\n\t<div class=\"wpb_text_column wpb_content_element  caixa\" >\n\t\t<div class=\"wpb_wrapper\">\n\t\t\t<p><a class=\"sparkle u-hover--sparkle\" href=\"\/paket\/#romantisk_weekend\" rel=\"noopener\">Uppt\u00e4ck mer<\/a><\/p>\n\n\t\t<\/div>\n\t<\/div>\n<\/div><\/div><\/div><\/div><div class=\"vc_row wpb_row vc_inner vc_row-fluid vc_row-o-equal-height vc_row-flex\"><div class=\"wpb_column vc_column_container vc_col-sm-4\"><div class=\"vc_column-inner\"><div class=\"wpb_wrapper\"><\/div><\/div><\/div><div class=\"wpb_column vc_column_container vc_col-sm-4\"><div class=\"vc_column-inner\"><div class=\"wpb_wrapper\"><div class=\"ult-new-ib ult-ib-effect-style10  ult-ib-resp  \" data-min-width=\"768\" data-max-width=\"900\" style=\"background:rgba(255,255,255,0.5);\" data-opacity=\"1\" data-hover-opacity=\"0.5\" ><img decoding=\"async\" class=\"ult-new-ib-img\" style=\"opacity:1;\" alt=\"null\" src=\"https:\/\/villagransholm.se\/wp-content\/uploads\/2022\/06\/Rum-16_2.jpg\"   \/><div id=\"interactive-banner-wrap-6523\" class=\"ult-new-ib-desc\" style=\"\"><h2 class=\"ult-new-ib-title ult-responsive\"  data-ultimate-target='#interactive-banner-wrap-6523 .ult-new-ib-title'  data-responsive-json-new='{\"font-size\":\"desktop:24px;\",\"line-height\":\"desktop:30px;\"}'  style=\"font-family:&#039;Lora&#039;;font-weight:normal;color:#1a1a1a;\">Rum och frukost<\/h2><\/div><a class=\"ult-new-ib-link\" href=\"\/paket\/#rum_och_frukost\"  ><\/a><\/div><div id=\"ultimate-heading-404969e75a0a24f51\" class=\"uvc-heading ult-adjust-bottom-margin ultimate-heading-404969e75a0a24f51 uvc-2275 \" data-hspacer=\"no_spacer\"  data-halign=\"left\" style=\"text-align:left\"><div class=\"uvc-heading-spacer no_spacer\" style=\"top\"><\/div><div class=\"uvc-main-heading ult-responsive\"  data-ultimate-target='.uvc-heading.ultimate-heading-404969e75a0a24f51 h1'  data-responsive-json-new='{\"font-size\":\"desktop:25px;\",\"line-height\":\"\"}' ><h1 style=\"font-family:&#039;Lora&#039;;font-weight:normal;\">Rum &amp; frukost<\/h1><\/div><div class=\"uvc-sub-heading ult-responsive\"  data-ultimate-target='.uvc-heading.ultimate-heading-404969e75a0a24f51 .uvc-sub-heading '  data-responsive-json-new='{\"font-size\":\"desktop:18px;\",\"line-height\":\"desktop:30px;\"}'  style=\"font-family:&#039;Lora&#039;;font-weight:normal;color:#5a4d1a;\">Ibland kan det vara sk\u00f6nt att bara komma bort, andas frisk luft. Att vakna upp f\u00f6r att f\u00e5 en h\u00e4rlig, lantlig frukost serverad.<\/div><\/div>\n\t<div class=\"wpb_text_column wpb_content_element  caixa\" >\n\t\t<div class=\"wpb_wrapper\">\n\t\t\t<p><a class=\"sparkle u-hover--sparkle\" href=\"\/paket\/#rum_och_frukost\" rel=\"noopener\">Uppt\u00e4ck mer<\/a><\/p>\n\n\t\t<\/div>\n\t<\/div>\n<\/div><\/div><\/div><div class=\"wpb_column vc_column_container vc_col-sm-4\"><div class=\"vc_column-inner\"><div class=\"wpb_wrapper\"><\/div><\/div><\/div><\/div><\/div><\/div><\/div><\/div><\/div><\/div>\n","protected":false},"excerpt":{"rendered":"Tid f\u00f6r varandra p\u00e5 ett annorlunda hotell Close V\u00e4lkommen till Villa Gransholm, ett annorlunda hotell med tid f\u00f6r varandraVilla Gransholm, ett hotell f\u00f6r dig som l\u00e4ngtar efter lugn och ro och d\u00e4r det finns tid f\u00f6r varandra. Hemma hos oss...","protected":false},"author":1,"featured_media":0,"parent":0,"menu_order":0,"comment_status":"closed","ping_status":"closed","template":"","meta":{"footnotes":""},"class_list":["post-509","page","type-page","status-publish","hentry"],"_links":{"self":[{"href":"https:\/\/villagransholm.se\/en\/wp-json\/wp\/v2\/pages\/509","targetHints":{"allow":["GET"]}}],"collection":[{"href":"https:\/\/villagransholm.se\/en\/wp-json\/wp\/v2\/pages"}],"about":[{"href":"https:\/\/villagransholm.se\/en\/wp-json\/wp\/v2\/types\/page"}],"author":[{"embeddable":true,"href":"https:\/\/villagransholm.se\/en\/wp-json\/wp\/v2\/users\/1"}],"replies":[{"embeddable":true,"href":"https:\/\/villagransholm.se\/en\/wp-json\/wp\/v2\/comments?post=509"}],"version-history":[{"count":304,"href":"https:\/\/villagransholm.se\/en\/wp-json\/wp\/v2\/pages\/509\/revisions"}],"predecessor-version":[{"id":2785,"href":"https:\/\/villagransholm.se\/en\/wp-json\/wp\/v2\/pages\/509\/revisions\/2785"}],"wp:attachment":[{"href":"https:\/\/villagransholm.se\/en\/wp-json\/wp\/v2\/media?parent=509"}],"curies":[{"name":"wp","href":"https:\/\/api.w.org\/{rel}","templated":true}]}}