{"id":1223,"date":"2022-06-27T10:23:45","date_gmt":"2022-06-27T08:23:45","guid":{"rendered":"https:\/\/villagransholm.se\/?page_id=1223"},"modified":"2022-06-27T12:12:54","modified_gmt":"2022-06-27T10:12:54","slug":"english","status":"publish","type":"page","link":"https:\/\/villagransholm.se\/en\/english\/","title":{"rendered":"English"},"content":{"rendered":"<div class=\"vc_row wpb_row vc_row-fluid vc_custom_1650967325254 vc_row-o-equal-height vc_row-o-content-middle vc_row-flex amz-container-fluid-no-spaces\"><div class=\"wpb_column vc_column_container vc_col-sm-5 vc_col-has-fill\"><div class=\"vc_column-inner vc_custom_1656324600588\"><div class=\"wpb_wrapper\"><\/div><\/div><\/div><div class=\"wpb_column vc_column_container vc_col-sm-7 vc_col-has-fill\"><div class=\"vc_column-inner vc_custom_1646723495507\"><div class=\"wpb_wrapper\"><div class=\"vc_row wpb_row vc_inner vc_row-fluid vc_custom_1505651987529\"><div class=\"wpb_column vc_column_container vc_col-sm-2\"><div class=\"vc_column-inner vc_custom_1505651996577\"><div class=\"wpb_wrapper\"><\/div><\/div><\/div><div class=\"wpb_column vc_column_container vc_col-sm-8\"><div class=\"vc_column-inner vc_custom_1505651992280\"><div class=\"wpb_wrapper\"><div id=\"ultimate-heading-794669ee84d1ab3bc\" class=\"uvc-heading ult-adjust-bottom-margin ultimate-heading-794669ee84d1ab3bc uvc-7894\" data-hspacer=\"no_spacer\"  data-halign=\"left\" style=\"text-align:left\"><div class=\"uvc-heading-spacer no_spacer\" style=\"top\"><\/div><div class=\"uvc-main-heading ult-responsive\"  data-ultimate-target='.uvc-heading.ultimate-heading-794669ee84d1ab3bc h2'  data-responsive-json-new='{\"font-size\":\"desktop:28px;\",\"line-height\":\"desktop:60px;\"}' ><h2 style=\"font-family:&#039;Lora&#039;;font-weight:500;color:#5a4d1a;margin-bottom:10px;\">Villa Gransholm<\/h2><\/div><div class=\"uvc-sub-heading ult-responsive\"  data-ultimate-target='.uvc-heading.ultimate-heading-794669ee84d1ab3bc .uvc-sub-heading '  data-responsive-json-new='{\"font-size\":\"desktop:18px;\",\"line-height\":\"desktop:35px;\"}'  style=\"font-family:&#039;Playfair Display&#039;;font-weight:normal;color:#5a4d1a;\">This rural located hotel housed in a beautiful villa, originally built as the residence for the manager to Gransholms Papermill and his family. What we today use for hotel rooms was the papermills mainoffice and the diningrooms, library and loungeareas was the private house for the manager and his family. The over one hundred year old villa has a large park with beautiful pond and tennis court.<\/div><\/div><\/div><\/div><\/div><div class=\"wpb_column vc_column_container vc_col-sm-2\"><div class=\"vc_column-inner\"><div class=\"wpb_wrapper\"><\/div><\/div><\/div><\/div><\/div><\/div><\/div><\/div><div class=\"vc_row wpb_row vc_row-fluid no-padding-vc-row vc_custom_1655902694001 vc_row-o-equal-height vc_row-o-content-middle vc_row-flex amz-container-fluid-no-spaces\"><div class=\"wpb_column vc_column_container vc_col-sm-7 vc_col-has-fill\"><div class=\"vc_column-inner vc_custom_1651664427006\"><div class=\"wpb_wrapper\"><div class=\"vc_row wpb_row vc_inner vc_row-fluid vc_custom_1505651987529\"><div class=\"wpb_column vc_column_container vc_col-sm-1\"><div class=\"vc_column-inner vc_custom_1505651996577\"><div class=\"wpb_wrapper\"><\/div><\/div><\/div><div class=\"wpb_column vc_column_container vc_col-sm-10\"><div class=\"vc_column-inner\"><div class=\"wpb_wrapper\"><div id=\"ultimate-heading-888669ee84d1ac76b\" class=\"uvc-heading ult-adjust-bottom-margin ultimate-heading-888669ee84d1ac76b uvc-4812\" data-hspacer=\"no_spacer\"  data-halign=\"left\" style=\"text-align:left\"><div class=\"uvc-heading-spacer no_spacer\" style=\"top\"><\/div><div class=\"uvc-main-heading ult-responsive\"  data-ultimate-target='.uvc-heading.ultimate-heading-888669ee84d1ac76b h2'  data-responsive-json-new='{\"font-size\":\"desktop:28px;\",\"line-height\":\"desktop:60px;\"}' ><h2 style=\"font-family:&#039;Lora&#039;;font-weight:500;color:#5a4d1a;margin-bottom:10px;\">Activities<\/h2><\/div><div class=\"uvc-sub-heading ult-responsive\"  data-ultimate-target='.uvc-heading.ultimate-heading-888669ee84d1ac76b .uvc-sub-heading '  data-responsive-json-new='{\"font-size\":\"desktop:18px;\",\"line-height\":\"desktop:30px;\"}'  style=\"font-family:&#039;Playfair Display&#039;;font-weight:normal;color:#5a4d1a;\">Croquet, boule, cycling, golf (3 18-hole courses in the vicinity), canoeing. Shopping for glass and crystalware at the famous glassworks (45 km). Lessebo hand-made paper mill. At V\u00e4xj\u00f6 there is an interesting mueum with exhibitions on glassmaking and emigrations \u2013 the hotel has a long list of suggested excursions!<\/div><\/div><div class=\"ult-spacer spacer-69ee84d1ac821\" data-id=\"69ee84d1ac821\" data-height=\"25\" data-height-mobile=\"25\" data-height-tab=\"25\" data-height-tab-portrait=\"\" data-height-mobile-landscape=\"\" style=\"clear:both;display:block;\"><\/div><div id=\"ultimate-heading-344569ee84d1ac86e\" class=\"uvc-heading ult-adjust-bottom-margin ultimate-heading-344569ee84d1ac86e uvc-9817\" data-hspacer=\"no_spacer\"  data-halign=\"left\" style=\"text-align:left\"><div class=\"uvc-heading-spacer no_spacer\" style=\"top\"><\/div><div class=\"uvc-main-heading ult-responsive\"  data-ultimate-target='.uvc-heading.ultimate-heading-344569ee84d1ac86e h2'  data-responsive-json-new='{\"font-size\":\"desktop:28px;\",\"line-height\":\"desktop:60px;\"}' ><h2 style=\"font-family:&#039;Lora&#039;;font-weight:500;color:#5a4d1a;margin-bottom:10px;\">Location<\/h2><\/div><div class=\"uvc-sub-heading ult-responsive\"  data-ultimate-target='.uvc-heading.ultimate-heading-344569ee84d1ac86e .uvc-sub-heading '  data-responsive-json-new='{\"font-size\":\"desktop:18px;\",\"line-height\":\"desktop:30px;\"}'  style=\"font-family:&#039;Playfair Display&#039;;font-weight:normal;color:#5a4d1a;\">In the countryside, at the heart of the glassworks region, between V\u00e4xj\u00f6 (15 km) and the railway junction town of Alvesta (10 km). 190 km from Helsingborg, 230 km from G\u00f6teborg. In lovely varied country, close to many lakes.<\/div><\/div><\/div><\/div><\/div><div class=\"wpb_column vc_column_container vc_col-sm-1\"><div class=\"vc_column-inner\"><div class=\"wpb_wrapper\"><\/div><\/div><\/div><\/div><\/div><\/div><\/div><div class=\"bg_strech wpb_column vc_column_container vc_col-sm-5 vc_col-has-fill\"><div class=\"vc_column-inner vc_custom_1656324721152\"><div class=\"wpb_wrapper\"><\/div><\/div><\/div><\/div><div class=\"vc_row wpb_row vc_row-fluid vc_custom_1650967325254 vc_row-o-equal-height vc_row-o-content-middle vc_row-flex amz-container-fluid-no-spaces\"><div class=\"wpb_column vc_column_container vc_col-sm-5 vc_col-has-fill\"><div class=\"vc_column-inner vc_custom_1656324878917\"><div class=\"wpb_wrapper\"><\/div><\/div><\/div><div class=\"wpb_column vc_column_container vc_col-sm-7 vc_col-has-fill\"><div class=\"vc_column-inner vc_custom_1646723495507\"><div class=\"wpb_wrapper\"><div class=\"vc_row wpb_row vc_inner vc_row-fluid vc_custom_1505651987529\"><div class=\"wpb_column vc_column_container vc_col-sm-2\"><div class=\"vc_column-inner vc_custom_1505651996577\"><div class=\"wpb_wrapper\"><\/div><\/div><\/div><div class=\"wpb_column vc_column_container vc_col-sm-8\"><div class=\"vc_column-inner vc_custom_1505651992280\"><div class=\"wpb_wrapper\"><div id=\"ultimate-heading-813969ee84d1ad51a\" class=\"uvc-heading ult-adjust-bottom-margin ultimate-heading-813969ee84d1ad51a uvc-2548\" data-hspacer=\"no_spacer\"  data-halign=\"left\" style=\"text-align:left\"><div class=\"uvc-heading-spacer no_spacer\" style=\"top\"><\/div><div class=\"uvc-main-heading ult-responsive\"  data-ultimate-target='.uvc-heading.ultimate-heading-813969ee84d1ad51a h2'  data-responsive-json-new='{\"font-size\":\"desktop:28px;\",\"line-height\":\"desktop:60px;\"}' ><h2 style=\"font-family:&#039;Lora&#039;;font-weight:500;color:#5a4d1a;margin-bottom:10px;\">Special features<\/h2><\/div><div class=\"uvc-sub-heading ult-responsive\"  data-ultimate-target='.uvc-heading.ultimate-heading-813969ee84d1ad51a .uvc-sub-heading '  data-responsive-json-new='{\"font-size\":\"desktop:18px;\",\"line-height\":\"desktop:35px;\"}'  style=\"font-family:&#039;Playfair Display&#039;;font-weight:normal;color:#5a4d1a;\">A small turn-of-the-century hotel with personal service. Hosts, Fam Rodin, place great emphasis on food and on creating superb local dishes.<\/div><\/div><div class=\"ult-spacer spacer-69ee84d1ad5dd\" data-id=\"69ee84d1ad5dd\" data-height=\"25\" data-height-mobile=\"25\" data-height-tab=\"25\" data-height-tab-portrait=\"\" data-height-mobile-landscape=\"\" style=\"clear:both;display:block;\"><\/div><div id=\"ultimate-heading-537069ee84d1ad622\" class=\"uvc-heading ult-adjust-bottom-margin ultimate-heading-537069ee84d1ad622 uvc-308\" data-hspacer=\"no_spacer\"  data-halign=\"left\" style=\"text-align:left\"><div class=\"uvc-heading-spacer no_spacer\" style=\"top\"><\/div><div class=\"uvc-main-heading ult-responsive\"  data-ultimate-target='.uvc-heading.ultimate-heading-537069ee84d1ad622 h2'  data-responsive-json-new='{\"font-size\":\"desktop:28px;\",\"line-height\":\"desktop:60px;\"}' ><h2 style=\"font-family:&#039;Lora&#039;;font-weight:500;color:#5a4d1a;margin-bottom:10px;\">Restaurant<\/h2><\/div><div class=\"uvc-sub-heading ult-responsive\"  data-ultimate-target='.uvc-heading.ultimate-heading-537069ee84d1ad622 .uvc-sub-heading '  data-responsive-json-new='{\"font-size\":\"desktop:18px;\",\"line-height\":\"desktop:35px;\"}'  style=\"font-family:&#039;Playfair Display&#039;;font-weight:normal;color:#5a4d1a;\">Only reservation.<\/div><\/div><div class=\"ult-spacer spacer-69ee84d1ad680\" data-id=\"69ee84d1ad680\" data-height=\"25\" data-height-mobile=\"25\" data-height-tab=\"25\" data-height-tab-portrait=\"\" data-height-mobile-landscape=\"\" style=\"clear:both;display:block;\"><\/div><div id=\"ultimate-heading-288569ee84d1ad6bb\" class=\"uvc-heading ult-adjust-bottom-margin ultimate-heading-288569ee84d1ad6bb uvc-1059\" data-hspacer=\"no_spacer\"  data-halign=\"left\" style=\"text-align:left\"><div class=\"uvc-heading-spacer no_spacer\" style=\"top\"><\/div><div class=\"uvc-main-heading ult-responsive\"  data-ultimate-target='.uvc-heading.ultimate-heading-288569ee84d1ad6bb h2'  data-responsive-json-new='{\"font-size\":\"desktop:28px;\",\"line-height\":\"desktop:60px;\"}' ><h2 style=\"font-family:&#039;Lora&#039;;font-weight:500;color:#5a4d1a;margin-bottom:10px;\">Rooms<\/h2><\/div><div class=\"uvc-sub-heading ult-responsive\"  data-ultimate-target='.uvc-heading.ultimate-heading-288569ee84d1ad6bb .uvc-sub-heading '  data-responsive-json-new='{\"font-size\":\"desktop:18px;\",\"line-height\":\"desktop:35px;\"}'  style=\"font-family:&#039;Playfair Display&#039;;font-weight:normal;color:#5a4d1a;\">Single rooms 1<br \/>\nDouble rooms 12<br \/>\nRooms w. dogs are allowed<\/p>\n<p>For booking and more information info@villagransholm.se.<\/p>\n<p>Welcome<br \/>\nHotell manager<br \/>\nJoakim Rodin<\/div><\/div><\/div><\/div><\/div><div class=\"wpb_column vc_column_container vc_col-sm-2\"><div class=\"vc_column-inner\"><div class=\"wpb_wrapper\"><\/div><\/div><\/div><\/div><\/div><\/div><\/div><\/div>","protected":false},"excerpt":{"rendered":"Villa GransholmThis rural located hotel housed in a beautiful villa, originally built as the residence for the manager to Gransholms Papermill and his family. What we today use for hotel rooms was the papermills mainoffice and the diningrooms, library and...","protected":false},"author":1,"featured_media":0,"parent":0,"menu_order":0,"comment_status":"closed","ping_status":"closed","template":"","meta":{"footnotes":""},"class_list":["post-1223","page","type-page","status-publish","hentry"],"_links":{"self":[{"href":"https:\/\/villagransholm.se\/en\/wp-json\/wp\/v2\/pages\/1223","targetHints":{"allow":["GET"]}}],"collection":[{"href":"https:\/\/villagransholm.se\/en\/wp-json\/wp\/v2\/pages"}],"about":[{"href":"https:\/\/villagransholm.se\/en\/wp-json\/wp\/v2\/types\/page"}],"author":[{"embeddable":true,"href":"https:\/\/villagransholm.se\/en\/wp-json\/wp\/v2\/users\/1"}],"replies":[{"embeddable":true,"href":"https:\/\/villagransholm.se\/en\/wp-json\/wp\/v2\/comments?post=1223"}],"version-history":[{"count":11,"href":"https:\/\/villagransholm.se\/en\/wp-json\/wp\/v2\/pages\/1223\/revisions"}],"predecessor-version":[{"id":1268,"href":"https:\/\/villagransholm.se\/en\/wp-json\/wp\/v2\/pages\/1223\/revisions\/1268"}],"wp:attachment":[{"href":"https:\/\/villagransholm.se\/en\/wp-json\/wp\/v2\/media?parent=1223"}],"curies":[{"name":"wp","href":"https:\/\/api.w.org\/{rel}","templated":true}]}}