{"id":1030,"date":"2022-06-22T10:28:01","date_gmt":"2022-06-22T08:28:01","guid":{"rendered":"https:\/\/villagransholm.se\/?page_id=1030"},"modified":"2023-09-19T11:11:31","modified_gmt":"2023-09-19T09:11:31","slug":"boka-konferens","status":"publish","type":"page","link":"https:\/\/villagransholm.se\/en\/boka-konferens\/","title":{"rendered":"Boka konferens"},"content":{"rendered":"<div class=\"vc_row wpb_row vc_row-fluid tabort_utrymme no-padding-vc-row vc_row-o-full-height vc_row-o-columns-top vc_row-o-content-top vc_row-flex amz-container-fluid-no-spaces\"><div class=\"wpb_column vc_column_container vc_col-sm-12\"><div class=\"vc_column-inner \"><div class=\"wpb_wrapper\">\n\t\t\t\t<p class=\"rs-p-wp-fix\"><\/p>\n\t\t\t\t<sr7-module data-alias=\"Boka-Konferens\" data-id=\"10\" id=\"SR7_10_1\" class=\"rs-ov-hidden\" data-version=\"6.7.51\">\n\t\t\t\t\t<sr7-adjuster><\/sr7-adjuster>\n\t\t\t\t\t<sr7-content>\n\t\t\t\t\t\t<sr7-slide id=\"SR7_10_1-8\" data-key=\"8\">\n\t\t\t\t\t\t\t<sr7-bg id=\"SR7_10_1-8-28\" class=\"sr7-layer\"><noscript><img decoding=\"async\" src=\"https:\/\/villagransholm.se\/wp-content\/uploads\/2022\/06\/MG_2388-1-scaled.jpg\" alt=\"\" title=\"_MG_2388\"><\/noscript><\/sr7-bg>\n\t\t\t\t\t\t\t<h1 id=\"SR7_10_1-8-16\" class=\"sr7-layer\">Boka Konferens<\/h1>\n\t\t\t\t\t\t\t<a id=\"SR7_10_1-8-25\" class=\"sr7-layer\" href=\"https:\/\/www.facebook.com\/VillaGransholm\/\" target=\"_blank\" rel=\"noopener\"><i class=\"fa-facebook-f\"><\/i><\/a>\n\t\t\t\t\t\t\t<a id=\"SR7_10_1-8-27\" class=\"sr7-layer\" href=\"https:\/\/www.instagram.com\/villagransholm\/\" target=\"_blank\" rel=\"noopener\"><i class=\"fa-instagram\"><\/i><\/a>\n\t\t\t\t\t\t<\/sr7-slide>\n\t\t\t\t\t\t<sr7-slide id=\"SR7_10_1-19\" data-key=\"19\">\n\t\t\t\t\t\t<\/sr7-slide>\n\t\t\t\t\t<\/sr7-content>\n\t\t\t\t\t<image_lists style=\"display:none\">\n\t\t\t\t\t\t<img data-src=\"\/\/villagransholm.se\/wp-content\/uploads\/2022\/06\/MG_2388-1-scaled.jpg\" data-libid=\"1271\" data-lib=\"medialibrary\" title=\"_MG_2388\" width=\"0\" height=\"0\" data-dbsrc=\"Ly92aWxsYWdyYW5zaG9sbS5zZS93cC1jb250ZW50L3VwbG9hZHMvMjAyMi8wNi9NR18yMzg4LTEtc2NhbGVkLmpwZw==\"\/>\n\t\t\t\t\t<\/image_lists>\n\t\t\t\t<\/sr7-module>\n\t\t\t\t<script>\n\t\t\t\t\twindow.SR7 ??={};SR7.PMH ??={}; SR7.PMH[\"SR7_10_1\"] = {cn:100,state:false,fn: function() { if (window._tpt!==undefined && window._tpt.prepareModuleHeight !== undefined) {  _tpt.prepareModuleHeight({id:\"SR7_10_1\",el:[822,822,768,960,720],type:'hero',shdw:'0',gh:[822,822,768,960,720],gw:[1750,1750,1024,778,480],vpt:['-200px&#039;,&#039;-200px&#039;,&#039;-200px&#039;,&#039;-200px&#039;,&#039;-200px'],size:{fullWidth:true, fullHeight:false},mh:'0',onh:0,onw:0,bg:{color:'{\"orig\":\"transparent\",\"type\":\"solid\",\"string\":\"transparent\"}'},plType:'0',plColor:'#FFFFFF'});   SR7.PMH[\"SR7_10_1\"].state=true;} else if(SR7.PMH[\"SR7_10_1\"].cn-->0)\tsetTimeout( SR7.PMH[\"SR7_10_1\"].fn,19);}};SR7.PMH[\"SR7_10_1\" ].fn();\n\t\t\t\t<\/script>\n<\/div><\/div><\/div><\/div><div class=\"vc_row wpb_row vc_row-fluid no-padding-vc-row vc_custom_1655986778811 vc_row-has-fill amz-remove-margin\"><div class=\"container\"><div class=\"vc_row vc_row-fluid vc_row-has-fill\"><div class=\"wpb_column vc_column_container vc_col-sm-12\"><div class=\"vc_column-inner vc_custom_1505649973652\"><div class=\"wpb_wrapper\"><div id=\"ultimate-heading-600369e61a090e8e3\" class=\"uvc-heading ult-adjust-bottom-margin ultimate-heading-600369e61a090e8e3 uvc-4555 \" data-hspacer=\"no_spacer\"  data-halign=\"left\" style=\"text-align:left\"><div class=\"uvc-heading-spacer no_spacer\" style=\"top\"><\/div><div class=\"uvc-main-heading ult-responsive\"  data-ultimate-target='.uvc-heading.ultimate-heading-600369e61a090e8e3 h2'  data-responsive-json-new='{\"font-size\":\"desktop:40px;\",\"line-height\":\"\"}' ><h2 style=\"font-weight:normal;margin-bottom:30px;\">Boka konferens<\/h2><\/div><div class=\"uvc-sub-heading ult-responsive\"  data-ultimate-target='.uvc-heading.ultimate-heading-600369e61a090e8e3 .uvc-sub-heading '  data-responsive-json-new='{\"font-size\":\"desktop:24px;\",\"line-height\":\"desktop:36px;\"}'  style=\"font-family:&#039;Playfair Display&#039;;font-weight:normal;color:#5a4d1a;\">V\u00e4lkommen att boka konferens hos oss.<br \/>\n<strong>Var v\u00e4nlig och kom ih\u00e5g att detta \u00e4r endast en f\u00f6rfr\u00e5gan<\/strong>.<\/p>\n<div>Vi \u00e5terkommer s\u00e5 snart vi kan, senast n\u00e4stkommande vardag. Vill du ha ett snabbt svar ring oss p\u00e5 0470-676 65<\/div>\n<div><\/div>\n<p><\/div><\/div><\/div><\/div><\/div><\/div><\/div><\/div><div class=\"vc_row wpb_row vc_row-fluid vc_custom_1650967325254 vc_row-o-equal-height vc_row-o-content-middle vc_row-flex amz-container-fluid-no-spaces\"><div class=\"wpb_column vc_column_container vc_col-sm-5 vc_col-has-fill\"><div class=\"vc_column-inner vc_custom_1656420186353\"><div class=\"wpb_wrapper\"><\/div><\/div><\/div><div class=\"wpb_column vc_column_container vc_col-sm-7 vc_col-has-fill\"><div class=\"vc_column-inner vc_custom_1646723495507\"><div class=\"wpb_wrapper\"><div class=\"vc_row wpb_row vc_inner vc_row-fluid vc_custom_1505651987529\"><div class=\"wpb_column vc_column_container vc_col-sm-2\"><div class=\"vc_column-inner vc_custom_1505651996577\"><div class=\"wpb_wrapper\"><\/div><\/div><\/div><div class=\"wpb_column vc_column_container vc_col-sm-8\"><div class=\"vc_column-inner vc_custom_1505651992280\"><div class=\"wpb_wrapper\">\n<div class=\"wpcf7 no-js\" id=\"wpcf7-f8-o1\" lang=\"sv-SE\" dir=\"ltr\" data-wpcf7-id=\"8\">\n<div class=\"screen-reader-response\"><p role=\"status\" aria-live=\"polite\" aria-atomic=\"true\"><\/p> <ul><\/ul><\/div>\n<form action=\"\/en\/wp-json\/wp\/v2\/pages\/1030#wpcf7-f8-o1\" method=\"post\" class=\"wpcf7-form init\" aria-label=\"Kontaktformul\u00e4r\" novalidate=\"novalidate\" data-status=\"init\">\n<fieldset class=\"hidden-fields-container\"><input type=\"hidden\" name=\"_wpcf7\" value=\"8\" \/><input type=\"hidden\" name=\"_wpcf7_version\" value=\"6.1.5\" \/><input type=\"hidden\" name=\"_wpcf7_locale\" value=\"sv_SE\" \/><input type=\"hidden\" name=\"_wpcf7_unit_tag\" value=\"wpcf7-f8-o1\" \/><input type=\"hidden\" name=\"_wpcf7_container_post\" value=\"0\" \/><input type=\"hidden\" name=\"_wpcf7_posted_data_hash\" value=\"\" \/>\n<\/fieldset>\n<div class=\"vc_col-sm-6\">\n\t<p><label>Datum<br \/>\n<span class=\"wpcf7-form-control-wrap\" data-name=\"DATUM\"><input class=\"wpcf7-form-control wpcf7-date wpcf7-validates-as-required wpcf7-validates-as-date\" id=\"DATUM\" aria-required=\"true\" aria-invalid=\"false\" placeholder=\"\u00c5\u00c5\u00c5\u00c5MMDD\" value=\"\" type=\"date\" name=\"DATUM\" \/><\/span><\/label>\n\t<\/p>\n\t<p><label>Antal g\u00e4ster<br \/>\n<span class=\"wpcf7-form-control-wrap\" data-name=\"ANTALGSTER\"><input class=\"wpcf7-form-control wpcf7-number wpcf7-validates-as-number\" id=\"ANTALGSTER\" min=\"0\" aria-invalid=\"false\" value=\"1\" type=\"number\" name=\"ANTALGSTER\" \/><\/span><\/label>\n\t<\/p>\n<\/div>\n<div class=\"vc_col-sm-6\">\n\t<p><label>Namn<br \/>\n<span class=\"wpcf7-form-control-wrap\" data-name=\"NAMN\"><input size=\"40\" maxlength=\"400\" class=\"wpcf7-form-control wpcf7-text wpcf7-validates-as-required\" id=\"NAMN\" aria-required=\"true\" aria-invalid=\"false\" value=\"\" type=\"text\" name=\"NAMN\" \/><\/span><\/label>\n\t<\/p>\n\t<p><label>Telefonnummer<br \/>\n<span class=\"wpcf7-form-control-wrap\" data-name=\"TELEFONNUMMER\"><input size=\"40\" maxlength=\"400\" class=\"wpcf7-form-control wpcf7-tel wpcf7-text wpcf7-validates-as-tel\" id=\"TELEFONNUMMER\" aria-invalid=\"false\" value=\"\" type=\"tel\" name=\"TELEFONNUMMER\" \/><\/span><\/label>\n\t<\/p>\n\t<p><label>E-post<br \/>\n<span class=\"wpcf7-form-control-wrap\" data-name=\"E-POST\"><input size=\"40\" maxlength=\"400\" class=\"wpcf7-form-control wpcf7-email wpcf7-text wpcf7-validates-as-email\" id=\"E-POST\" aria-invalid=\"false\" value=\"\" type=\"email\" name=\"E-POST\" \/><\/span><\/label>\n\t<\/p>\n<\/div>\n<div class=\"vc_col-sm-12\">\n\t<p><label>Meddelande<br \/>\n<span class=\"wpcf7-form-control-wrap\" data-name=\"MEDDELANDE\"><textarea cols=\"40\" rows=\"10\" maxlength=\"2000\" class=\"wpcf7-form-control wpcf7-textarea\" id=\"MEDDELANDE\" aria-invalid=\"false\" name=\"MEDDELANDE\"><\/textarea><\/span><\/label>\n\t<\/p>\n\t<p><input class=\"wpcf7-form-control wpcf7-submit has-spinner\" type=\"submit\" value=\"Boka konferens\" \/>\n\t<\/p>\n<\/div><div class=\"wpcf7-response-output\" aria-hidden=\"true\"><\/div>\n<\/form>\n<\/div>\n<\/div><\/div><\/div><div class=\"wpb_column vc_column_container vc_col-sm-2\"><div class=\"vc_column-inner\"><div class=\"wpb_wrapper\"><\/div><\/div><\/div><\/div><\/div><\/div><\/div><\/div>\n","protected":false},"excerpt":{"rendered":"Boka Konferens Boka konferensV\u00e4lkommen att boka konferens hos oss. Var v\u00e4nlig och kom ih\u00e5g att detta \u00e4r endast en f\u00f6rfr\u00e5gan. Vi \u00e5terkommer s\u00e5 snart vi kan, senast n\u00e4stkommande vardag. Vill du ha ett snabbt svar ring oss p\u00e5 0470-676 65...","protected":false},"author":1,"featured_media":0,"parent":0,"menu_order":0,"comment_status":"closed","ping_status":"closed","template":"","meta":{"footnotes":""},"class_list":["post-1030","page","type-page","status-publish","hentry"],"_links":{"self":[{"href":"https:\/\/villagransholm.se\/en\/wp-json\/wp\/v2\/pages\/1030","targetHints":{"allow":["GET"]}}],"collection":[{"href":"https:\/\/villagransholm.se\/en\/wp-json\/wp\/v2\/pages"}],"about":[{"href":"https:\/\/villagransholm.se\/en\/wp-json\/wp\/v2\/types\/page"}],"author":[{"embeddable":true,"href":"https:\/\/villagransholm.se\/en\/wp-json\/wp\/v2\/users\/1"}],"replies":[{"embeddable":true,"href":"https:\/\/villagransholm.se\/en\/wp-json\/wp\/v2\/comments?post=1030"}],"version-history":[{"count":14,"href":"https:\/\/villagransholm.se\/en\/wp-json\/wp\/v2\/pages\/1030\/revisions"}],"predecessor-version":[{"id":2123,"href":"https:\/\/villagransholm.se\/en\/wp-json\/wp\/v2\/pages\/1030\/revisions\/2123"}],"wp:attachment":[{"href":"https:\/\/villagransholm.se\/en\/wp-json\/wp\/v2\/media?parent=1030"}],"curies":[{"name":"wp","href":"https:\/\/api.w.org\/{rel}","templated":true}]}}