{"id":654,"date":"2022-04-29T09:05:26","date_gmt":"2022-04-29T07:05:26","guid":{"rendered":"https:\/\/villagransholm.se\/?page_id=654"},"modified":"2022-06-28T14:25:23","modified_gmt":"2022-06-28T12:25:23","slug":"personuppgiftspolicy","status":"publish","type":"page","link":"https:\/\/villagransholm.se\/de\/personuppgiftspolicy\/","title":{"rendered":"Personuppgiftspolicy"},"content":{"rendered":"<div class=\"vc_row wpb_row vc_row-fluid vc_custom_1650967325254 vc_row-o-equal-height vc_row-o-content-middle vc_row-flex amz-container-fluid-no-spaces\"><div class=\"wpb_column vc_column_container vc_col-sm-5 vc_col-has-fill\"><div class=\"vc_column-inner vc_custom_1656419231723\"><div class=\"wpb_wrapper\"><\/div><\/div><\/div><div class=\"wpb_column vc_column_container vc_col-sm-7 vc_col-has-fill\"><div class=\"vc_column-inner vc_custom_1646723495507\"><div class=\"wpb_wrapper\"><div class=\"vc_row wpb_row vc_inner vc_row-fluid vc_custom_1505651987529\"><div class=\"wpb_column vc_column_container vc_col-sm-2\"><div class=\"vc_column-inner vc_custom_1505651996577\"><div class=\"wpb_wrapper\"><\/div><\/div><\/div><div class=\"wpb_column vc_column_container vc_col-sm-8\"><div class=\"vc_column-inner vc_custom_1505651992280\"><div class=\"wpb_wrapper\"><div id=\"ultimate-heading-302669e74868d524f\" class=\"uvc-heading ult-adjust-bottom-margin ultimate-heading-302669e74868d524f uvc-7504\" data-hspacer=\"no_spacer\"  data-halign=\"left\" style=\"text-align:left\"><div class=\"uvc-heading-spacer no_spacer\" style=\"top\"><\/div><div class=\"uvc-main-heading ult-responsive\"  data-ultimate-target='.uvc-heading.ultimate-heading-302669e74868d524f h2'  data-responsive-json-new='{\"font-size\":\"desktop:28px;\",\"line-height\":\"desktop:60px;\"}' ><h2 style=\"font-family:&#039;Lora&#039;;font-weight:500;color:#5a4d1a;margin-bottom:10px;\">Personuppgiftspolicy<\/h2><\/div><div class=\"uvc-sub-heading ult-responsive\"  data-ultimate-target='.uvc-heading.ultimate-heading-302669e74868d524f .uvc-sub-heading '  data-responsive-json-new='{\"font-size\":\"desktop:18px;\",\"line-height\":\"desktop:35px;\"}'  style=\"font-family:&#039;Playfair Display&#039;;font-weight:normal;color:#5a4d1a;\">Vi bryr oss om din integritet och dina personuppgifter och vi f\u00f6ljer d\u00e4rf\u00f6r g\u00e4llande lagstiftning. Vi \u00e4r \u00f6ppna med hur och n\u00e4r vi lagrar dina uppgifter, till vilket \u00e4ndam\u00e5l och hur hanteringen g\u00e5r till. Allt i enlighet med GDPR.<\/p>\n<p>GDPR (HANTERING AV PERSONUPPGIFTER) Ditt f\u00f6rtroende f\u00f6r oss betyder mycket och vi vill att du som kund ska k\u00e4nna dig trygg med att l\u00e4mna personuppgifter till oss. Vi v\u00e4rnar om en h\u00f6g niv\u00e5 av skydd f\u00f6r din personliga integritet. <a href=\"https:\/\/villagransholm.se\/wp-content\/uploads\/2022\/06\/GDPR-2.pdf\" target=\"_blank\" rel=\"noopener\">Ladda ner v\u00e5rt dokument om hantering av GDPR h\u00e4r<\/a>.<\/div><\/div><\/div><\/div><\/div><div class=\"wpb_column vc_column_container vc_col-sm-2\"><div class=\"vc_column-inner\"><div class=\"wpb_wrapper\"><\/div><\/div><\/div><\/div><\/div><\/div><\/div><\/div>","protected":false},"excerpt":{"rendered":"PersonuppgiftspolicyVi bryr oss om din integritet och dina personuppgifter och vi f\u00f6ljer d\u00e4rf\u00f6r g\u00e4llande lagstiftning. Vi \u00e4r \u00f6ppna med hur och n\u00e4r vi lagrar dina uppgifter, till vilket \u00e4ndam\u00e5l och hur hanteringen g\u00e5r till. Allt i enlighet med GDPR. GDPR...","protected":false},"author":1,"featured_media":0,"parent":0,"menu_order":0,"comment_status":"closed","ping_status":"closed","template":"","meta":{"footnotes":""},"class_list":["post-654","page","type-page","status-publish","hentry"],"_links":{"self":[{"href":"https:\/\/villagransholm.se\/de\/wp-json\/wp\/v2\/pages\/654","targetHints":{"allow":["GET"]}}],"collection":[{"href":"https:\/\/villagransholm.se\/de\/wp-json\/wp\/v2\/pages"}],"about":[{"href":"https:\/\/villagransholm.se\/de\/wp-json\/wp\/v2\/types\/page"}],"author":[{"embeddable":true,"href":"https:\/\/villagransholm.se\/de\/wp-json\/wp\/v2\/users\/1"}],"replies":[{"embeddable":true,"href":"https:\/\/villagransholm.se\/de\/wp-json\/wp\/v2\/comments?post=654"}],"version-history":[{"count":12,"href":"https:\/\/villagransholm.se\/de\/wp-json\/wp\/v2\/pages\/654\/revisions"}],"predecessor-version":[{"id":1311,"href":"https:\/\/villagransholm.se\/de\/wp-json\/wp\/v2\/pages\/654\/revisions\/1311"}],"wp:attachment":[{"href":"https:\/\/villagransholm.se\/de\/wp-json\/wp\/v2\/media?parent=654"}],"curies":[{"name":"wp","href":"https:\/\/api.w.org\/{rel}","templated":true}]}}