{"id":616,"date":"2022-04-26T12:02:50","date_gmt":"2022-04-26T10:02:50","guid":{"rendered":"https:\/\/villagransholm.se\/?page_id=616"},"modified":"2025-10-03T17:40:17","modified_gmt":"2025-10-03T15:40:17","slug":"praktiskt-information","status":"publish","type":"page","link":"https:\/\/villagransholm.se\/de\/praktiskt-information\/","title":{"rendered":"Praktiskt information"},"content":{"rendered":"<div class=\"vc_row wpb_row vc_row-fluid vc_custom_1650967325254 vc_row-o-equal-height vc_row-o-content-middle vc_row-flex amz-container-fluid-no-spaces\"><div class=\"wpb_column vc_column_container vc_col-sm-5 vc_col-has-fill\"><div class=\"vc_column-inner vc_custom_1650967406586\"><div class=\"wpb_wrapper\"><\/div><\/div><\/div><div class=\"wpb_column vc_column_container vc_col-sm-7 vc_col-has-fill\"><div class=\"vc_column-inner vc_custom_1646723495507\"><div class=\"wpb_wrapper\"><div class=\"vc_row wpb_row vc_inner vc_row-fluid vc_custom_1505651987529\"><div class=\"wpb_column vc_column_container vc_col-sm-2\"><div class=\"vc_column-inner vc_custom_1505651996577\"><div class=\"wpb_wrapper\"><\/div><\/div><\/div><div class=\"wpb_column vc_column_container vc_col-sm-8\"><div class=\"vc_column-inner vc_custom_1505651992280\"><div class=\"wpb_wrapper\"><div id=\"ultimate-heading-616969e60ff7ccfa1\" class=\"uvc-heading ult-adjust-bottom-margin ultimate-heading-616969e60ff7ccfa1 uvc-2498\" data-hspacer=\"no_spacer\"  data-halign=\"left\" style=\"text-align:left\"><div class=\"uvc-heading-spacer no_spacer\" style=\"top\"><\/div><div class=\"uvc-main-heading ult-responsive\"  data-ultimate-target='.uvc-heading.ultimate-heading-616969e60ff7ccfa1 h2'  data-responsive-json-new='{\"font-size\":\"desktop:28px;\",\"line-height\":\"desktop:60px;\"}' ><h2 style=\"font-family:&#039;Lora&#039;;font-weight:500;color:#5a4d1a;margin-bottom:10px;\">Praktiskt information<\/h2><\/div><div class=\"uvc-sub-heading ult-responsive\"  data-ultimate-target='.uvc-heading.ultimate-heading-616969e60ff7ccfa1 .uvc-sub-heading '  data-responsive-json-new='{\"font-size\":\"desktop:18px;\",\"line-height\":\"desktop:35px;\"}'  style=\"font-family:&#039;Playfair Display&#039;;font-weight:normal;color:#5a4d1a;\">Vi ser fram emot att tr\u00e4ffa dig! Vi har f\u00f6rs\u00f6kt samla vanliga fr\u00e5gor men hittar du inte vad du s\u00f6ker \u00e4r du varmt v\u00e4lkommen att kontakta oss p\u00e5 telefon <a href=\"tel:004647067665\">0470-676 65<\/a> eller mejla till <a href=\"mailto:info@villagransholm.se\">info@villagransholm.se<\/a>.<\/div><\/div><\/div><\/div><\/div><div class=\"wpb_column vc_column_container vc_col-sm-2\"><div class=\"vc_column-inner\"><div class=\"wpb_wrapper\"><\/div><\/div><\/div><\/div><\/div><\/div><\/div><\/div><div class=\"vc_row wpb_row vc_row-fluid container\"><div class=\"wpb_column vc_column_container vc_col-sm-12\"><div class=\"vc_column-inner\"><div class=\"wpb_wrapper\"><div class=\"vc_tta-container\" data-vc-action=\"collapseAll\"><div class=\"vc_general vc_tta vc_tta-accordion vc_tta-color-white vc_tta-style-classic vc_tta-shape-square vc_tta-o-shape-group vc_tta-controls-align-left vc_tta-o-all-clickable\"><div class=\"vc_tta-panels-container\"><div class=\"vc_tta-panels\"><div class=\"vc_tta-panel\" id=\"in_och_utcheckning\" data-vc-content=\".vc_tta-panel-body\"><div class=\"vc_tta-panel-heading\"><h4 class=\"vc_tta-panel-title vc_tta-controls-icon-position-left\"><a href=\"#in_och_utcheckning\" data-vc-accordion data-vc-container=\".vc_tta-container\"><span class=\"vc_tta-title-text\">In- och utcheckning<\/span><i class=\"vc_tta-controls-icon vc_tta-controls-icon-plus\"><\/i><\/a><\/h4><\/div><div class=\"vc_tta-panel-body\">\n\t<div class=\"wpb_text_column wpb_content_element\" >\n\t\t<div class=\"wpb_wrapper\">\n\t\t\t<p>V\u00e4lkommen att checka in fr\u00e5n kl. 15.00 p\u00e5 ankomstdagen. Parkering \u00e4r givetvis gratis. Utcheckning sker senast kl. 11.00 p\u00e5 avresedagen.<\/p>\n\n\t\t<\/div>\n\t<\/div>\n<\/div><\/div><div class=\"vc_tta-panel\" id=\"avbokningsregler\" data-vc-content=\".vc_tta-panel-body\"><div class=\"vc_tta-panel-heading\"><h4 class=\"vc_tta-panel-title vc_tta-controls-icon-position-left\"><a href=\"#avbokningsregler\" data-vc-accordion data-vc-container=\".vc_tta-container\"><span class=\"vc_tta-title-text\">Avbokningsregler<\/span><i class=\"vc_tta-controls-icon vc_tta-controls-icon-plus\"><\/i><\/a><\/h4><\/div><div class=\"vc_tta-panel-body\">\n\t<div class=\"wpb_text_column wpb_content_element\" >\n\t\t<div class=\"wpb_wrapper\">\n\t\t\t<p>Ibland h\u00e4nder det of\u00f6rutsedda och en avbokning m\u00e5ste g\u00f6ras.<br \/>\nAvbokning fram till 3 dygn (72 timmar) ingen debitering.<br \/>\nAvbokning fram till 2 dygn (48 timmar) innan ankomst debiteras med 75%.<br \/>\nAvbokning fram till 1 dygn (24 timmar) innan ankomst debiteras med 100%.<\/p>\n<p>Alla priser \u00e4r inklusive moms.<\/p>\n<p>Om du vill avbest\u00e4lla din bokning eller \u00e4ndra din bokning m\u00e5ste du ringa oss p\u00e5 <a href=\"tel:004647067665\">0470-676 65<\/a> eller skicka e-post <a href=\"mailto:info@villagransholm.se\">info@villagransholm.se<\/a>.<\/p>\n<p>Villa Gransholm AB, Gransholmsv\u00e4gen 132, 355 99 Gemla, Org.nr 556925-1845.<\/p>\n<p>H\u00f6r g\u00e4rna av dig till oss om du har n\u00e5gra fr\u00e5gor kring v\u00e5ra avbokningsregler.<\/p>\n\n\t\t<\/div>\n\t<\/div>\n<\/div><\/div><div class=\"vc_tta-panel\" id=\"djur\" data-vc-content=\".vc_tta-panel-body\"><div class=\"vc_tta-panel-heading\"><h4 class=\"vc_tta-panel-title vc_tta-controls-icon-position-left\"><a href=\"#djur\" data-vc-accordion data-vc-container=\".vc_tta-container\"><span class=\"vc_tta-title-text\">Djur<\/span><i class=\"vc_tta-controls-icon vc_tta-controls-icon-plus\"><\/i><\/a><\/h4><\/div><div class=\"vc_tta-panel-body\">\n\t<div class=\"wpb_text_column wpb_content_element\" >\n\t\t<div class=\"wpb_wrapper\">\n\t\t\t<p>Hundar \u00e4r v\u00e4lkomna p\u00e5 Villa Gransholm. Vi har n\u00e5gra f\u00e5 rum f\u00f6r att ha med sig sin p\u00e4lskling. Kontakta oss f\u00f6r tillg\u00e4nglighet. Hundrum debiteras med 300 kronor ut\u00f6ver ordinarie hotellrumspris.<\/p>\n<p>Allergier. Kontakta oss om du har \u00f6nskem\u00e5l om anpassning.<\/p>\n\n\t\t<\/div>\n\t<\/div>\n<\/div><\/div><div class=\"vc_tta-panel\" id=\"elbil\" data-vc-content=\".vc_tta-panel-body\"><div class=\"vc_tta-panel-heading\"><h4 class=\"vc_tta-panel-title vc_tta-controls-icon-position-left\"><a href=\"#elbil\" data-vc-accordion data-vc-container=\".vc_tta-container\"><span class=\"vc_tta-title-text\">Parkering - Elbilsladdning<\/span><i class=\"vc_tta-controls-icon vc_tta-controls-icon-plus\"><\/i><\/a><\/h4><\/div><div class=\"vc_tta-panel-body\">\n\t<div class=\"wpb_text_column wpb_content_element\" >\n\t\t<div class=\"wpb_wrapper\">\n\t\t\t<p>Vi har gratisparkering. Till dig som vill ladda har vi tv\u00e5 laddningspunkter. Laddplats kan ej reserveras. Priset \u00e4r 6 kr\/kW. P\u00e5 laddstolpen finns en QR-kod som du skannar. Vi \u00e4r anslutna till Monta Charge. Observera att vi inte kan garantera laddplats.<\/p>\n\n\t\t<\/div>\n\t<\/div>\n<\/div><\/div><\/div><\/div><\/div><\/div><\/div><\/div><\/div><\/div>","protected":false},"excerpt":{"rendered":"Praktiskt informationVi ser fram emot att tr\u00e4ffa dig! Vi har f\u00f6rs\u00f6kt samla vanliga fr\u00e5gor men hittar du inte vad du s\u00f6ker \u00e4r du varmt v\u00e4lkommen att kontakta oss p\u00e5 telefon 0470-676 65 eller mejla till info@villagransholm.se.In- och utcheckning V\u00e4lkommen att...","protected":false},"author":1,"featured_media":0,"parent":0,"menu_order":0,"comment_status":"closed","ping_status":"closed","template":"","meta":{"footnotes":""},"class_list":["post-616","page","type-page","status-publish","hentry"],"_links":{"self":[{"href":"https:\/\/villagransholm.se\/de\/wp-json\/wp\/v2\/pages\/616","targetHints":{"allow":["GET"]}}],"collection":[{"href":"https:\/\/villagransholm.se\/de\/wp-json\/wp\/v2\/pages"}],"about":[{"href":"https:\/\/villagransholm.se\/de\/wp-json\/wp\/v2\/types\/page"}],"author":[{"embeddable":true,"href":"https:\/\/villagransholm.se\/de\/wp-json\/wp\/v2\/users\/1"}],"replies":[{"embeddable":true,"href":"https:\/\/villagransholm.se\/de\/wp-json\/wp\/v2\/comments?post=616"}],"version-history":[{"count":22,"href":"https:\/\/villagransholm.se\/de\/wp-json\/wp\/v2\/pages\/616\/revisions"}],"predecessor-version":[{"id":2553,"href":"https:\/\/villagransholm.se\/de\/wp-json\/wp\/v2\/pages\/616\/revisions\/2553"}],"wp:attachment":[{"href":"https:\/\/villagransholm.se\/de\/wp-json\/wp\/v2\/media?parent=616"}],"curies":[{"name":"wp","href":"https:\/\/api.w.org\/{rel}","templated":true}]}}