{"id":422,"date":"2022-03-15T15:30:05","date_gmt":"2022-03-15T14:30:05","guid":{"rendered":"https:\/\/villagransholm.se\/?page_id=422"},"modified":"2023-05-24T17:19:26","modified_gmt":"2023-05-24T15:19:26","slug":"hotell","status":"publish","type":"page","link":"https:\/\/villagransholm.se\/de\/hotell\/","title":{"rendered":"Hotell"},"content":{"rendered":"<div class=\"vc_row wpb_row vc_row-fluid tabort_utrymme no-padding-vc-row vc_row-o-full-height vc_row-o-columns-top vc_row-flex amz-container-fluid-no-spaces\"><div class=\"wpb_column vc_column_container vc_col-sm-12\"><div class=\"vc_column-inner \"><div class=\"wpb_wrapper\">\n\t\t\t\t<p class=\"rs-p-wp-fix\"><\/p>\n\t\t\t\t<sr7-module data-alias=\"hotell\" data-id=\"4\" id=\"SR7_4_1\" class=\"rs-ov-hidden\" data-version=\"6.7.51\">\n\t\t\t\t\t<sr7-adjuster><\/sr7-adjuster>\n\t\t\t\t\t<sr7-content>\n\t\t\t\t\t\t<sr7-slide id=\"SR7_4_1-3\" data-key=\"3\">\n\t\t\t\t\t\t\t<sr7-bg id=\"SR7_4_1-3-28\" class=\"sr7-layer\"><noscript><img decoding=\"async\" src=\"https:\/\/villagransholm.se\/wp-content\/uploads\/2024\/05\/IMG_2382-scaled.jpg\" alt=\"\" title=\"IMG_2382\"><\/noscript><\/sr7-bg>\n\t\t\t\t\t\t\t<h1 id=\"SR7_4_1-3-16\" class=\"sr7-layer\">Villa Gransholm<br \/>Ett annorlunda hotell<\/h1>\n\t\t\t\t\t\t\t<a id=\"SR7_4_1-3-25\" class=\"sr7-layer\" href=\"https:\/\/www.facebook.com\/VillaGransholm\/\" target=\"_blank\" rel=\"noopener\"><i class=\"fa-facebook-f\"><\/i><\/a>\n\t\t\t\t\t\t\t<a id=\"SR7_4_1-3-27\" class=\"sr7-layer\" href=\"https:\/\/www.instagram.com\/villagransholm\/\" target=\"_blank\" rel=\"noopener\"><i class=\"fa-instagram\"><\/i><\/a>\n\t\t\t\t\t\t<\/sr7-slide>\n\t\t\t\t\t\t<sr7-slide id=\"SR7_4_1-14\" data-key=\"14\">\n\t\t\t\t\t\t<\/sr7-slide>\n\t\t\t\t\t<\/sr7-content>\n\t\t\t\t\t<image_lists style=\"display:none\">\n\t\t\t\t\t\t<img data-src=\"\/\/villagransholm.se\/wp-content\/uploads\/2024\/05\/IMG_2382-scaled.jpg\" data-libid=\"2300\" data-lib=\"medialibrary\" title=\"IMG_2382\" width=\"0\" height=\"0\" data-dbsrc=\"Ly92aWxsYWdyYW5zaG9sbS5zZS93cC1jb250ZW50L3VwbG9hZHMvMjAyNC8wNS9JTUdfMjM4Mi1zY2FsZWQuanBn\"\/>\n\t\t\t\t\t<\/image_lists>\n\t\t\t\t<\/sr7-module>\n\t\t\t\t<script>\n\t\t\t\t\twindow.SR7 ??={};SR7.PMH ??={}; SR7.PMH[\"SR7_4_1\"] = {cn:100,state:false,fn: function() { if (window._tpt!==undefined && window._tpt.prepareModuleHeight !== undefined) {  _tpt.prepareModuleHeight({id:\"SR7_4_1\",el:[822,822,768,960,720],type:'hero',shdw:'0',gh:[822,822,768,960,720],gw:[1750,1750,1024,778,480],vpt:['-200px&#039;,&#039;-200px&#039;,&#039;-200px&#039;,&#039;-200px&#039;,&#039;-200px'],size:{fullWidth:true, fullHeight:false},mh:'0',onh:0,onw:0,bg:{color:'{\"orig\":\"transparent\",\"type\":\"solid\",\"string\":\"transparent\"}'},plType:'0',plColor:'#FFFFFF'});   SR7.PMH[\"SR7_4_1\"].state=true;} else if(SR7.PMH[\"SR7_4_1\"].cn-->0)\tsetTimeout( SR7.PMH[\"SR7_4_1\"].fn,19);}};SR7.PMH[\"SR7_4_1\" ].fn();\n\t\t\t\t<\/script>\n<\/div><\/div><\/div><\/div><div id=\"lasmer\" class=\"vc_row wpb_row vc_row-fluid tabort_utrymme2 no-padding-vc-row vc_custom_1655986583082 vc_row-has-fill amz-remove-margin\"><div class=\"container\"><div class=\"vc_row vc_row-fluid vc_row-has-fill\"><div class=\"wpb_column vc_column_container vc_col-sm-12\"><div class=\"vc_column-inner vc_custom_1505649973652\"><div class=\"wpb_wrapper\"><div id=\"ultimate-heading-848469e6101deddae\" class=\"uvc-heading ult-adjust-bottom-margin ultimate-heading-848469e6101deddae uvc-5859 \" data-hspacer=\"no_spacer\"  data-halign=\"left\" style=\"text-align:left\"><div class=\"uvc-heading-spacer no_spacer\" style=\"top\"><\/div><div class=\"uvc-main-heading ult-responsive\"  data-ultimate-target='.uvc-heading.ultimate-heading-848469e6101deddae h2'  data-responsive-json-new='{\"font-size\":\"desktop:40px;\",\"line-height\":\"\"}' ><h2 style=\"font-weight:normal;margin-bottom:30px;\">Villa Gransholm - en p\u00e4rla mitt i Sm\u00e5land<\/h2><\/div><\/div><div class=\"vc_row wpb_row vc_inner vc_row-fluid\"><div class=\"wpb_column vc_column_container vc_col-sm-8\"><div class=\"vc_column-inner\"><div class=\"wpb_wrapper\"><div id=\"ultimate-heading-961269e6101dee1c2\" class=\"uvc-heading ult-adjust-bottom-margin ultimate-heading-961269e6101dee1c2 uvc-8805 \" data-hspacer=\"no_spacer\"  data-halign=\"left\" style=\"text-align:left\"><div class=\"uvc-heading-spacer no_spacer\" style=\"top\"><\/div><div class=\"uvc-sub-heading ult-responsive\"  data-ultimate-target='.uvc-heading.ultimate-heading-961269e6101dee1c2 .uvc-sub-heading '  data-responsive-json-new='{\"font-size\":\"desktop:24px;\",\"line-height\":\"desktop:36px;\"}'  style=\"font-family:&#039;Playfair Display&#039;;font-weight:normal;color:#5a4d1a;\">Mitt i den djupa sm\u00e5l\u00e4ndska gammelskogen, glittrar Helige \u00e5 fridfullt. H\u00e4r finner du den mysiga byn Gemla. Hela byn andas ro och frid. Storstadspulsen i V\u00e4xj\u00f6 ligger bara 15 km bort.<\/p>\n<p>Villa Gransholm vill h\u00e4lsa dig v\u00e4lkommen hem. Ett hem d\u00e4r den varma sj\u00e4len i villan ska omsluta dig, att du ska k\u00e4nna dig omh\u00e4ndertagen.<\/p>\n<p>Interi\u00f6ren \u00e4r inspirerad av sekelskiftet med sina spr\u00f6jsade f\u00f6nster och ombonade atmosf\u00e4r.\u00a0 Kakelugnar, \u00f6ppna spisar och levande ljus sprider v\u00e4rme. Kristallkronor glimmar i taken. Varje sovrum \u00e4r individuellt inrett i charmig gammaldags stil, n\u00e5gra med extra romantiska inslag som s\u00e4nghimmel.<\/p>\n<p>Villa Gransholm erbjuder elva unika dubbelrum, ett charmigt enkelrum, samt tv\u00e5 h\u00e4rliga familjerum. Samtliga rum har dusch och toalett.<\/p>\n<p>S\u00e4ng f\u00f6r sp\u00e4dbarn finns att l\u00e5na.<\/p>\n<p>Hundar \u00e4r varmt v\u00e4lkomna till v\u00e5rt hotell. Vi har ett begr\u00e4nsat antal rum till dig och din vovve. Bokning av hundrum m\u00e5ste g\u00f6ras direkt hos oss via telefon 0470-676 65.<\/p>\n<p>Sj\u00e4lvklart har vi gratis wifi och fri parkering.<br \/>\nVi har tv\u00e5 laddplatser f\u00f6r elbil. Kontakta oss vid din bokning s\u00e5 vi kan s\u00e4kerst\u00e4lla att du \u00e4r garanterad en plats.<\/div><\/div><\/div><\/div><\/div><div class=\"wpb_column vc_column_container vc_col-sm-4 vc_col-has-fill\"><div class=\"vc_column-inner vc_custom_1647354972541\"><div class=\"wpb_wrapper\"><div id=\"ultimate-heading-326969e6101dee3a5\" class=\"uvc-heading ult-adjust-bottom-margin ultimate-heading-326969e6101dee3a5 uvc-2618 \" data-hspacer=\"no_spacer\"  data-halign=\"left\" style=\"text-align:left\"><div class=\"uvc-heading-spacer no_spacer\" style=\"top\"><\/div><div class=\"uvc-sub-heading ult-responsive\"  data-ultimate-target='.uvc-heading.ultimate-heading-326969e6101dee3a5 .uvc-sub-heading '  data-responsive-json-new='{\"font-size\":\"desktop:20px;\",\"line-height\":\"desktop:40px;\"}'  style=\"font-family:&#039;Playfair Display&#039;;font-weight:normal;color:#5a4d1a;\"><em>\u201dVilla Gransholms sprakande brasor och kakelugnar sprider ett d\u00e4mpat lugn. V\u00e4rmen f\u00f6ljer med dig in i de vackra salongerna med sina glittrande kristallkronor. Inredningen fr\u00e5n sekelskiftet f\u00f6r tankarna till goda minnen fr\u00e5n villans glansdagar. Denna varma och ombonade villa omg\u00e4rdas av en prunkande park och en porlande damm.\u201d<\/em><\/div><\/div><\/div><\/div><\/div><\/div><div class=\"vc_row wpb_row vc_inner vc_row-fluid vc_custom_1647348126053\"><div class=\"wpb_column vc_column_container vc_col-sm-6\"><div class=\"vc_column-inner\"><div class=\"wpb_wrapper\">\n\t<div class=\"wpb_text_column wpb_content_element  caixa\" >\n\t\t<div class=\"wpb_wrapper\">\n\t\t\t<p><a class=\"sparkle u-hover--sparkle\" href=\"https:\/\/villagransholm.se\/paket\/\">V\u00e5ra hotellpaket<\/a><\/p>\n\n\t\t<\/div>\n\t<\/div>\n<\/div><\/div><\/div><div class=\"wpb_column vc_column_container vc_col-sm-6\"><div class=\"vc_column-inner\"><div class=\"wpb_wrapper\">\n\t<div class=\"wpb_text_column wpb_content_element  caixa\" >\n\t\t<div class=\"wpb_wrapper\">\n\t\t\t<p><a class=\"sparkle u-hover--sparkle\" href=\"https:\/\/villagransholm.se\/konferens\/\">Boka en konferens<\/a><\/p>\n\n\t\t<\/div>\n\t<\/div>\n<\/div><\/div><\/div><\/div><\/div><\/div><\/div><\/div><\/div><\/div><div class=\"vc_row wpb_row vc_row-fluid vc_custom_1654249126193 vc_row-has-fill amz-remove-margin\"><div class=\"container\"><div class=\"vc_row vc_row-fluid vc_row-has-fill\"><div class=\"wpb_column vc_column_container vc_col-sm-12\"><div class=\"vc_column-inner vc_custom_1505649973652\"><div class=\"wpb_wrapper\"><div id=\"ultimate-heading-692169e6101def026\" class=\"uvc-heading ult-adjust-bottom-margin ultimate-heading-692169e6101def026 uvc-5480 \" data-hspacer=\"no_spacer\"  data-halign=\"left\" style=\"text-align:left\"><div class=\"uvc-heading-spacer no_spacer\" style=\"top\"><\/div><div class=\"uvc-main-heading ult-responsive\"  data-ultimate-target='.uvc-heading.ultimate-heading-692169e6101def026 h2'  data-responsive-json-new='{\"font-size\":\"desktop:28px;\",\"line-height\":\"desktop:60px;\"}' ><h2 style=\"font-family:&#039;Lora&#039;;font-weight:500;color:#5a4d1a;margin-bottom:10px;\">Bildgalleri<\/h2><\/div><\/div><div class=\"vc_row wpb_row vc_inner vc_row-fluid vc_custom_1647348126053\"><div class=\"wpb_column vc_column_container vc_col-sm-12\"><div class=\"vc_column-inner\"><div class=\"wpb_wrapper\">\n\t<div class=\"wpb_text_column wpb_content_element \" >\n\t\t<div class=\"wpb_wrapper\">\n\t\t\t<p>[modula-album id=&#8221;827&#8243;]<\/p>\n\n\t\t<\/div>\n\t<\/div>\n<\/div><\/div><\/div><\/div><\/div><\/div><\/div><\/div><\/div><\/div>\n","protected":false},"excerpt":{"rendered":"Villa GransholmEtt annorlunda hotell Villa Gransholm - en p\u00e4rla mitt i Sm\u00e5landMitt i den djupa sm\u00e5l\u00e4ndska gammelskogen, glittrar Helige \u00e5 fridfullt. H\u00e4r finner du den mysiga byn Gemla. Hela byn andas ro och frid. Storstadspulsen i V\u00e4xj\u00f6 ligger bara 15...","protected":false},"author":1,"featured_media":0,"parent":0,"menu_order":0,"comment_status":"closed","ping_status":"closed","template":"","meta":{"footnotes":""},"class_list":["post-422","page","type-page","status-publish","hentry"],"_links":{"self":[{"href":"https:\/\/villagransholm.se\/de\/wp-json\/wp\/v2\/pages\/422","targetHints":{"allow":["GET"]}}],"collection":[{"href":"https:\/\/villagransholm.se\/de\/wp-json\/wp\/v2\/pages"}],"about":[{"href":"https:\/\/villagransholm.se\/de\/wp-json\/wp\/v2\/types\/page"}],"author":[{"embeddable":true,"href":"https:\/\/villagransholm.se\/de\/wp-json\/wp\/v2\/users\/1"}],"replies":[{"embeddable":true,"href":"https:\/\/villagransholm.se\/de\/wp-json\/wp\/v2\/comments?post=422"}],"version-history":[{"count":78,"href":"https:\/\/villagransholm.se\/de\/wp-json\/wp\/v2\/pages\/422\/revisions"}],"predecessor-version":[{"id":2044,"href":"https:\/\/villagransholm.se\/de\/wp-json\/wp\/v2\/pages\/422\/revisions\/2044"}],"wp:attachment":[{"href":"https:\/\/villagransholm.se\/de\/wp-json\/wp\/v2\/media?parent=422"}],"curies":[{"name":"wp","href":"https:\/\/api.w.org\/{rel}","templated":true}]}}