{"id":2180,"date":"2024-03-08T11:56:48","date_gmt":"2024-03-08T10:56:48","guid":{"rendered":"https:\/\/villagransholm.se\/?page_id=2180"},"modified":"2025-10-04T17:08:57","modified_gmt":"2025-10-04T15:08:57","slug":"oppettider","status":"publish","type":"page","link":"https:\/\/villagransholm.se\/de\/oppettider\/","title":{"rendered":"\u00d6ppettider"},"content":{"rendered":"<div id=\"aktiviteter\" class=\"vc_row wpb_row vc_row-fluid tabort_utrymme no-padding-vc-row vc_row-o-content-top vc_row-flex amz-container-fluid-no-spaces\"><div class=\"wpb_column vc_column_container vc_col-sm-12\"><div class=\"vc_column-inner\"><div class=\"wpb_wrapper\"><div id='wrap_map_69ee6cfe63859' class='ultimate-map-wrapper ult-adjust-bottom-margin' style=' height:600px;'><div id='map_69ee6cfe63859' data-map_override='0' class='ultimate_google_map wpb_content_element page_margin_top' style='width:100%;height:600px;'><\/div><\/div><script type='text\/javascript'>\r\n\t\t\t(function($) {\r\n  \t\t\t'use strict';\r\n\t\t\tvar map_map_69ee6cfe63859 = null;\r\n\t\t\tvar coordinate_map_69ee6cfe63859;\r\n\t\t\tvar isDraggable = $(document).width() > 641 ? false : true;\r\n\t\t\ttry\r\n\t\t\t{\r\n\t\t\t\tvar map_map_69ee6cfe63859 = null;\r\n\t\t\t\tvar coordinate_map_69ee6cfe63859;\r\n\t\t\t\tcoordinate_map_69ee6cfe63859=new google.maps.LatLng(56.8456619, 14.6034513);\r\n\t\t\t\tvar mapOptions=\r\n\t\t\t\t{\r\n\t\t\t\t\tzoom: 9,\r\n\t\t\t\t\tcenter: coordinate_map_69ee6cfe63859,\r\n\t\t\t\t\tscaleControl: true,\r\n\t\t\t\t\tstreetViewControl: false,\r\n\t\t\t\t\tmapTypeControl: false,\r\n\t\t\t\t\tpanControl: false,\r\n\t\t\t\t\tzoomControl: true,\r\n\t\t\t\t\tscrollwheel: true,\r\n\t\t\t\t\tdraggable: isDraggable,\r\n\t\t\t\t\tzoomControlOptions: {\r\n\t\t\t\t\t\tposition: google.maps.ControlPosition.RIGHT_BOTTOM\r\n\t\t\t\t\t},mapTypeId: google.maps.MapTypeId.ROADMAP,};var map_map_69ee6cfe63859 = new google.maps.Map(document.getElementById('map_69ee6cfe63859'),mapOptions);\r\n\t\t\t\t\t\tvar x = 'infowindow_open_value';\r\n\t\t\t\t\t\tvar marker_map_69ee6cfe63859 = new google.maps.Marker({\r\n\t\t\t\t\t\tposition: new google.maps.LatLng(56.8456619, 14.6034513),\r\n\t\t\t\t\t\tanimation:  google.maps.Animation.DROP,\r\n\t\t\t\t\t\tmap: map_map_69ee6cfe63859,\r\n\t\t\t\t\t\ticon: ''\r\n\t\t\t\t\t});\tgoogle.maps.event.addListener(marker_map_69ee6cfe63859, 'click', toggleBounce);}\r\n\t\t\tcatch(e){};\r\n\t\t\tjQuery(document).ready(function($){\r\n\t\t\t\tgoogle.maps.event.trigger(map_map_69ee6cfe63859, 'resize');\r\n\t\t\t\t$(window).resize(function(){\r\n\t\t\t\t\tgoogle.maps.event.trigger(map_map_69ee6cfe63859, 'resize');\r\n\t\t\t\t\tif(map_map_69ee6cfe63859!=null)\r\n\t\t\t\t\t\tmap_map_69ee6cfe63859.setCenter(coordinate_map_69ee6cfe63859);\r\n\t\t\t\t});\r\n\t\t\t\t$('.ui-tabs').bind('tabsactivate', function(event, ui) {\r\n\t\t\t\t   if($(this).find('.ultimate-map-wrapper').length > 0)\r\n\t\t\t\t\t{\r\n\t\t\t\t\t\tsetTimeout(function(){\r\n\t\t\t\t\t\t\t$(window).trigger('resize');\r\n\t\t\t\t\t\t},200);\r\n\t\t\t\t\t}\r\n\t\t\t\t});\r\n\t\t\t\t$('.ui-accordion').bind('accordionactivate', function(event, ui) {\r\n\t\t\t\t   if($(this).find('.ultimate-map-wrapper').length > 0)\r\n\t\t\t\t\t{\r\n\t\t\t\t\t\tsetTimeout(function(){\r\n\t\t\t\t\t\t\t$(window).trigger('resize');\r\n\t\t\t\t\t\t},200);\r\n\t\t\t\t\t}\r\n\t\t\t\t});\r\n\t\t\t\t$(window).on('load',function(){\r\n\t\t\t\t\tsetTimeout(function(){\r\n\t\t\t\t\t\t$(window).trigger('resize');\r\n\t\t\t\t\t},200);\r\n\t\t\t\t});\r\n\t\t\t\t$('.ult_exp_section').select(function(){\r\n\t\t\t\t\tif($(map_map_69ee6cfe63859).parents('.ult_exp_section'))\r\n\t\t\t\t\t{\r\n\t\t\t\t\t\tsetTimeout(function(){\r\n\t\t\t\t\t\t\t$(window).trigger('resize');\r\n\t\t\t\t\t\t},200);\r\n\t\t\t\t\t}\r\n\t\t\t\t});\r\n\t\t\t\t$(document).on('onUVCModalPopupOpen', function(){\r\n\t\t\t\t\tif($(map_map_69ee6cfe63859).parents('.ult_modal-content'))\r\n\t\t\t\t\t{\r\n\t\t\t\t\t\tsetTimeout(function(){\r\n\t\t\t\t\t\t\t$(window).trigger('resize');\r\n\t\t\t\t\t\t},200);\r\n\t\t\t\t\t}\r\n\t\t\t\t});\r\n\t\t\t\t$(document).on('click','.ult_tab_li',function(){\r\n\t\t\t\t\t$(window).trigger('resize');\r\n\t\t\t\t\tsetTimeout(function(){\r\n\t\t\t\t\t\t$(window).trigger('resize');\r\n\t\t\t\t\t},200);\r\n\t\t\t\t});\r\n\t\t\t});\r\n\t\t\tfunction toggleBounce() {\r\n\t\t\t  if (marker_map_69ee6cfe63859.getAnimation() != null) {\r\n\t\t\t\tmarker_map_69ee6cfe63859.setAnimation(null);\r\n\t\t\t  } else {\r\n\t\t\t\tmarker_map_69ee6cfe63859.setAnimation(google.maps.Animation.BOUNCE);\r\n\t\t\t  }\r\n\t\t\t}\r\n\t\t\t})(jQuery);\r\n\t\t\t<\/script><\/div><\/div><\/div><\/div><div id=\"aktiviteter-upplevelser\" class=\"vc_row wpb_row vc_row-fluid tabort_utrymme2 no-padding-vc-row vc_custom_1709900546466 vc_row-has-fill container\"><div class=\"wpb_column vc_column_container vc_col-sm-12\"><div class=\"vc_column-inner vc_custom_1505649973652\"><div class=\"wpb_wrapper\"><div id=\"ultimate-heading-871769ee6cfe643ca\" class=\"uvc-heading ult-adjust-bottom-margin ultimate-heading-871769ee6cfe643ca uvc-8997\" data-hspacer=\"no_spacer\"  data-halign=\"center\" style=\"text-align:center\"><div class=\"uvc-heading-spacer no_spacer\" style=\"top\"><\/div><div class=\"uvc-main-heading ult-responsive\"  data-ultimate-target='.uvc-heading.ultimate-heading-871769ee6cfe643ca h2'  data-responsive-json-new='{\"font-size\":\"desktop:40px;\",\"line-height\":\"\"}' ><h2 style=\"font-weight:normal;margin-bottom:30px;\">V\u00e5ra \u00f6ppettider<\/h2><\/div><div class=\"uvc-sub-heading ult-responsive\"  data-ultimate-target='.uvc-heading.ultimate-heading-871769ee6cfe643ca .uvc-sub-heading '  data-responsive-json-new='{\"font-size\":\"desktop:24px;\",\"line-height\":\"desktop:36px;\"}'  style=\"font-family:&#039;Playfair Display&#039;;font-weight:normal;color:#5a4d1a;\">Villa Gransholm Hotell &amp; Restaurang \u00e4r \u00f6ppet \u00e5ret om.<br \/>\nRestaurangen \u00e4r \u00f6ppen f\u00f6r frukost, lunch och middag.<\/p>\n<p>Har du bokat \u00f6vernattning \u00e4r alltid restaurangen \u00f6ppen p\u00e5 kv\u00e4llen<br \/>\noch du beh\u00f6ver inte g\u00f6ra n\u00e5gon bordsreservation.<br \/>\n<strong>OBS! G\u00e4ller inte under julbordstider 21 november till 21 december 2025.<\/strong><\/p>\n<p>Helgdagar, som 6 juni, midsommar, jul mm kan nedanst\u00e5ende tider variera alternativt vara st\u00e4ngt.<\/p>\n<p><strong>Varmt v\u00e4lkommen att g\u00f6ra din bordsbokning (ingen drop-in)<\/strong><br \/>\n<strong>info@villagransholm.se eller ring 0470-676 65<\/strong><\/div><\/div><\/div><\/div><\/div><\/div><div class=\"vc_row wpb_row vc_row-fluid vc_custom_1715081175972 vc_row-o-equal-height vc_row-o-content-middle vc_row-flex amz-container-fluid-no-spaces\"><div class=\"wpb_column vc_column_container vc_col-sm-7 vc_col-has-fill\"><div class=\"vc_column-inner vc_custom_1715080779023\"><div class=\"wpb_wrapper\"><div class=\"vc_row wpb_row vc_inner vc_row-fluid vc_custom_1715081201984\"><div class=\"wpb_column vc_column_container vc_col-sm-4\"><div class=\"vc_column-inner vc_custom_1505651996577\"><div class=\"wpb_wrapper\"><\/div><\/div><\/div><div class=\"wpb_column vc_column_container vc_col-sm-6\"><div class=\"vc_column-inner vc_custom_1505651992280\"><div class=\"wpb_wrapper\"><div id=\"ultimate-heading-142369ee6cfe64c5a\" class=\"uvc-heading ult-adjust-bottom-margin ultimate-heading-142369ee6cfe64c5a uvc-1155\" data-hspacer=\"no_spacer\"  data-halign=\"left\" style=\"text-align:left\"><div class=\"uvc-heading-spacer no_spacer\" style=\"top\"><\/div><div class=\"uvc-main-heading ult-responsive\"  data-ultimate-target='.uvc-heading.ultimate-heading-142369ee6cfe64c5a h2'  data-responsive-json-new='{\"font-size\":\"desktop:40px;\",\"line-height\":\"\"}' ><h2 style=\"font-weight:normal;margin-bottom:30px;\">\u00d6ppettider i restaurangen<\/h2><\/div><div class=\"uvc-sub-heading ult-responsive\"  data-ultimate-target='.uvc-heading.ultimate-heading-142369ee6cfe64c5a .uvc-sub-heading '  data-responsive-json-new='{\"font-size\":\"desktop:24px;\",\"line-height\":\"desktop:36px;\"}'  style=\"font-family:&#039;Playfair Display&#039;;font-weight:normal;color:#5a4d1a;\"><strong>Varmt v\u00e4lkommen att g\u00f6ra din bordsbokning &#8211; ingen drop-in\u00a0<\/strong><\/p>\n<p><strong>Frukost<\/strong><br \/>\nTisdag &#8211; s\u00f6ndag<\/p>\n<p><strong>M\u00e5ndag &#8211; Fredag\u00a0<\/strong><br \/>\nLunch 12.00 &#8211; 14.00<br \/>\nMiddag 18.00 &#8211;<\/p>\n<p><strong>L\u00f6rdagar<\/strong><br \/>\nLunch 13.00 &#8211; 16.00<br \/>\nMiddag 18.00 &#8211;<\/p>\n<p><strong>S\u00f6ndagar<\/strong><br \/>\n12.30 &#8211; 16.00<\/p>\n<p><strong>Helgdagar och r\u00f6da dagar<br \/>\n<\/strong>Varierande \u00f6ppettider.<br \/>\nRing f\u00f6r information.<\/div><\/div><\/div><\/div><\/div><div class=\"wpb_column vc_column_container vc_col-sm-2\"><div class=\"vc_column-inner\"><div class=\"wpb_wrapper\"><\/div><\/div><\/div><\/div><\/div><\/div><\/div><div class=\"wpb_column vc_column_container vc_col-sm-5 vc_col-has-fill\"><div class=\"vc_column-inner vc_custom_1715081182105\"><div class=\"wpb_wrapper\"><\/div><\/div><\/div><\/div>","protected":false},"excerpt":{"rendered":"V\u00e5ra \u00f6ppettiderVilla Gransholm Hotell &amp; Restaurang \u00e4r \u00f6ppet \u00e5ret om. Restaurangen \u00e4r \u00f6ppen f\u00f6r frukost, lunch och middag. Har du bokat \u00f6vernattning \u00e4r alltid restaurangen \u00f6ppen p\u00e5 kv\u00e4llen och du beh\u00f6ver inte g\u00f6ra n\u00e5gon bordsreservation. OBS! G\u00e4ller inte under julbordstider...","protected":false},"author":1,"featured_media":0,"parent":0,"menu_order":0,"comment_status":"closed","ping_status":"closed","template":"","meta":{"footnotes":""},"class_list":["post-2180","page","type-page","status-publish","hentry"],"_links":{"self":[{"href":"https:\/\/villagransholm.se\/de\/wp-json\/wp\/v2\/pages\/2180","targetHints":{"allow":["GET"]}}],"collection":[{"href":"https:\/\/villagransholm.se\/de\/wp-json\/wp\/v2\/pages"}],"about":[{"href":"https:\/\/villagransholm.se\/de\/wp-json\/wp\/v2\/types\/page"}],"author":[{"embeddable":true,"href":"https:\/\/villagransholm.se\/de\/wp-json\/wp\/v2\/users\/1"}],"replies":[{"embeddable":true,"href":"https:\/\/villagransholm.se\/de\/wp-json\/wp\/v2\/comments?post=2180"}],"version-history":[{"count":89,"href":"https:\/\/villagransholm.se\/de\/wp-json\/wp\/v2\/pages\/2180\/revisions"}],"predecessor-version":[{"id":2556,"href":"https:\/\/villagransholm.se\/de\/wp-json\/wp\/v2\/pages\/2180\/revisions\/2556"}],"wp:attachment":[{"href":"https:\/\/villagransholm.se\/de\/wp-json\/wp\/v2\/media?parent=2180"}],"curies":[{"name":"wp","href":"https:\/\/api.w.org\/{rel}","templated":true}]}}